{"id":118,"date":"2019-05-13T10:22:51","date_gmt":"2019-05-13T08:22:51","guid":{"rendered":"http:\/\/psyparis19.fr\/?page_id=118"},"modified":"2025-04-25T13:35:10","modified_gmt":"2025-04-25T11:35:10","slug":"liens","status":"publish","type":"page","link":"https:\/\/gabrielroche.com\/psy\/?page_id=118","title":{"rendered":"Liens"},"content":{"rendered":"<p><strong>F\u00e9d\u00e9ration Fran\u00e7aise de Psychoth\u00e9rapie et de Psychanalyse (FF2P)<\/strong><\/p>\n<p class=\"Style1\">La <a href=\"http:\/\/www.ff2p.fr\/\" target=\"_blank\" rel=\"noopener\"><strong>FF2P<\/strong><\/a> a \u00e9t\u00e9 cr\u00e9\u00e9e en mai 1995 pour regrouper les diff\u00e9rents courants psychoth\u00e9rapeutiques et psychanalytiques en France.<\/p>\n<p class=\"Style1\">Elle a comme mission non seulement de \u00ab promouvoir la psychoth\u00e9rapie comme discipline sp\u00e9cifique \u00bb (art. 3.7 des ses statuts), mais aussi de \u201ccontribuer \u00e0 l&rsquo;information du public et \u00e0 la protection des usagers\u201d (art. 3. 10).<\/p>\n<p class=\"Style1\">La FF2P, depuis sa cr\u00e9ation, se pr\u00e9occupe de prot\u00e9ger les usagers et de lutter contre les mouvements \u00e0 caract\u00e8re sectaire qui usurpent parfois certaines techniques psychoth\u00e9rapeutiques pour induire une d\u00e9pendance des clients devenus des adeptes alors que la psychoth\u00e9rapie vise au contraire \u00e0 d\u00e9velopper l\u2019autonomie et la responsabilit\u00e9 de la personne.<\/p>\n<p class=\"Style1\">Cette exigence \u00e9thique et d\u00e9ontologique est au c\u0153ur de l\u2019action de la FF2P et de toutes ses instances. \u00a0<\/p>\n<p><strong>La m\u00e9thode de L&rsquo;analyse psycho-organique<\/strong><\/p>\n<p class=\"Style1\">Cette <a href=\"https:\/\/analyse-psycho-organique.fr\/lanalyse-psycho-organique-une-methode-efficace\/methode-psychotherapeutique-integrative\/#:~:text=L'Analyse%20Psycho%2Dorganique%20est,auto%2Dr%C3%A9gulation%20par%20le%20corps.\" target=\"_blank\" rel=\"noopener\"><strong>m\u00e9thode<\/strong><\/a> originale, synth\u00e8se des psychanalyses et des psychoth\u00e9rapies humanistes psycho-corporelles travaille avec des concepts nouveaux, originaux, permettant de comprendre le fonctionnement de l\u2019entit\u00e9 psycho-organique que constitue l\u2019\u00eatre humain. Elle constitue une m\u00e9thode th\u00e9rapeutique riche et diversifi\u00e9e pouvant s\u2019adresser au corps, au psychisme, ou \u00e0 l\u2019espace interm\u00e9diaire psycho-organique que nous appelons l\u2019espace de la \u00ab connexion organique.<\/p>\n\n\n<p><\/p>\n","protected":false},"excerpt":{"rendered":"<p>F\u00e9d\u00e9ration Fran\u00e7aise de Psychoth\u00e9rapie et de Psychanalyse (FF2P) La FF2P a \u00e9t\u00e9 cr\u00e9\u00e9e en mai 1995 pour regrouper les diff\u00e9rents courants psychoth\u00e9rapeutiques et psychanalytiques en France. Elle a comme mission non seulement de \u00ab promouvoir la psychoth\u00e9rapie comme discipline sp\u00e9cifique \u00bb (art. 3.7 des ses statuts), mais aussi de \u201ccontribuer \u00e0 l&rsquo;information du public et &hellip; <\/p>\n<p class=\"link-more\"><a href=\"https:\/\/gabrielroche.com\/psy\/?page_id=118\" class=\"more-link\">Continuer la lecture<span class=\"screen-reader-text\"> de &laquo;&nbsp;Liens&nbsp;&raquo;<\/span><\/a><\/p>\n","protected":false},"author":1,"featured_media":0,"parent":0,"menu_order":0,"comment_status":"closed","ping_status":"closed","template":"","meta":{"footnotes":""},"class_list":["post-118","page","type-page","status-publish","hentry"],"yoast_head":"<!-- This site is optimized with the Yoast SEO plugin v24.9 - https:\/\/yoast.com\/wordpress\/plugins\/seo\/ -->\n<title>Liens - Gabriel ROCHE<\/title>\n<meta name=\"description\" content=\"Yoga Paris Ayurveda Paris19 Belleville Massage Psy APSOS therapie Liens lien corps depression stress dietetique soins FF2P Federation psy psychotherapie psychanalyse\" \/>\n<meta name=\"robots\" content=\"index, follow, max-snippet:-1, max-image-preview:large, max-video-preview:-1\" \/>\n<link rel=\"canonical\" href=\"https:\/\/gabrielroche.com\/psy\/?page_id=118\" \/>\n<meta property=\"og:locale\" content=\"fr_FR\" \/>\n<meta property=\"og:type\" content=\"article\" \/>\n<meta property=\"og:title\" content=\"Liens - Gabriel ROCHE\" \/>\n<meta property=\"og:description\" content=\"Yoga Paris Ayurveda Paris19 Belleville Massage Psy APSOS therapie Liens lien corps depression stress dietetique soins FF2P Federation psy psychotherapie psychanalyse\" \/>\n<meta property=\"og:url\" content=\"https:\/\/gabrielroche.com\/psy\/?page_id=118\" \/>\n<meta property=\"og:site_name\" content=\"Gabriel ROCHE\" \/>\n<meta property=\"article:modified_time\" content=\"2025-04-25T11:35:10+00:00\" \/>\n<meta name=\"twitter:card\" content=\"summary_large_image\" \/>\n<meta name=\"twitter:label1\" content=\"Dur\u00e9e de lecture estim\u00e9e\" \/>\n\t<meta name=\"twitter:data1\" content=\"1 minute\" \/>\n<script type=\"application\/ld+json\" class=\"yoast-schema-graph\">{\"@context\":\"https:\/\/schema.org\",\"@graph\":[{\"@type\":\"WebPage\",\"@id\":\"https:\/\/gabrielroche.com\/psy\/?page_id=118\",\"url\":\"https:\/\/gabrielroche.com\/psy\/?page_id=118\",\"name\":\"Liens - Gabriel ROCHE\",\"isPartOf\":{\"@id\":\"https:\/\/gabrielroche.com\/psy\/#website\"},\"datePublished\":\"2019-05-13T08:22:51+00:00\",\"dateModified\":\"2025-04-25T11:35:10+00:00\",\"description\":\"Yoga Paris Ayurveda Paris19 Belleville Massage Psy APSOS therapie Liens lien corps depression stress dietetique soins FF2P Federation psy psychotherapie psychanalyse\",\"breadcrumb\":{\"@id\":\"https:\/\/gabrielroche.com\/psy\/?page_id=118#breadcrumb\"},\"inLanguage\":\"fr-FR\",\"potentialAction\":[{\"@type\":\"ReadAction\",\"target\":[\"https:\/\/gabrielroche.com\/psy\/?page_id=118\"]}]},{\"@type\":\"BreadcrumbList\",\"@id\":\"https:\/\/gabrielroche.com\/psy\/?page_id=118#breadcrumb\",\"itemListElement\":[{\"@type\":\"ListItem\",\"position\":1,\"name\":\"Accueil\",\"item\":\"https:\/\/gabrielroche.com\/psy\/\"},{\"@type\":\"ListItem\",\"position\":2,\"name\":\"Liens\"}]},{\"@type\":\"WebSite\",\"@id\":\"https:\/\/gabrielroche.com\/psy\/#website\",\"url\":\"https:\/\/gabrielroche.com\/psy\/\",\"name\":\"Gabriel Roche Analyse Psycho-Organique Paris 13\",\"description\":\"Analyste, Th\u00e9rapie Psycho-Organique, PARIS 13\",\"publisher\":{\"@id\":\"https:\/\/gabrielroche.com\/psy\/#\/schema\/person\/a902b0a2db1d1af67e0c34ee71f6e4f7\"},\"potentialAction\":[{\"@type\":\"SearchAction\",\"target\":{\"@type\":\"EntryPoint\",\"urlTemplate\":\"https:\/\/gabrielroche.com\/psy\/?s={search_term_string}\"},\"query-input\":{\"@type\":\"PropertyValueSpecification\",\"valueRequired\":true,\"valueName\":\"search_term_string\"}}],\"inLanguage\":\"fr-FR\"},{\"@type\":[\"Person\",\"Organization\"],\"@id\":\"https:\/\/gabrielroche.com\/psy\/#\/schema\/person\/a902b0a2db1d1af67e0c34ee71f6e4f7\",\"name\":\"gabrielroche\",\"logo\":{\"@id\":\"https:\/\/gabrielroche.com\/psy\/#\/schema\/person\/image\/\"}}]}<\/script>\n<!-- \/ Yoast SEO plugin. -->","yoast_head_json":{"title":"Liens - Gabriel ROCHE","description":"Yoga Paris Ayurveda Paris19 Belleville Massage Psy APSOS therapie Liens lien corps depression stress dietetique soins FF2P Federation psy psychotherapie psychanalyse","robots":{"index":"index","follow":"follow","max-snippet":"max-snippet:-1","max-image-preview":"max-image-preview:large","max-video-preview":"max-video-preview:-1"},"canonical":"https:\/\/gabrielroche.com\/psy\/?page_id=118","og_locale":"fr_FR","og_type":"article","og_title":"Liens - Gabriel ROCHE","og_description":"Yoga Paris Ayurveda Paris19 Belleville Massage Psy APSOS therapie Liens lien corps depression stress dietetique soins FF2P Federation psy psychotherapie psychanalyse","og_url":"https:\/\/gabrielroche.com\/psy\/?page_id=118","og_site_name":"Gabriel ROCHE","article_modified_time":"2025-04-25T11:35:10+00:00","twitter_card":"summary_large_image","twitter_misc":{"Dur\u00e9e de lecture estim\u00e9e":"1 minute"},"schema":{"@context":"https:\/\/schema.org","@graph":[{"@type":"WebPage","@id":"https:\/\/gabrielroche.com\/psy\/?page_id=118","url":"https:\/\/gabrielroche.com\/psy\/?page_id=118","name":"Liens - Gabriel ROCHE","isPartOf":{"@id":"https:\/\/gabrielroche.com\/psy\/#website"},"datePublished":"2019-05-13T08:22:51+00:00","dateModified":"2025-04-25T11:35:10+00:00","description":"Yoga Paris Ayurveda Paris19 Belleville Massage Psy APSOS therapie Liens lien corps depression stress dietetique soins FF2P Federation psy psychotherapie psychanalyse","breadcrumb":{"@id":"https:\/\/gabrielroche.com\/psy\/?page_id=118#breadcrumb"},"inLanguage":"fr-FR","potentialAction":[{"@type":"ReadAction","target":["https:\/\/gabrielroche.com\/psy\/?page_id=118"]}]},{"@type":"BreadcrumbList","@id":"https:\/\/gabrielroche.com\/psy\/?page_id=118#breadcrumb","itemListElement":[{"@type":"ListItem","position":1,"name":"Accueil","item":"https:\/\/gabrielroche.com\/psy\/"},{"@type":"ListItem","position":2,"name":"Liens"}]},{"@type":"WebSite","@id":"https:\/\/gabrielroche.com\/psy\/#website","url":"https:\/\/gabrielroche.com\/psy\/","name":"Gabriel Roche Analyse Psycho-Organique Paris 13","description":"Analyste, Th\u00e9rapie Psycho-Organique, PARIS 13","publisher":{"@id":"https:\/\/gabrielroche.com\/psy\/#\/schema\/person\/a902b0a2db1d1af67e0c34ee71f6e4f7"},"potentialAction":[{"@type":"SearchAction","target":{"@type":"EntryPoint","urlTemplate":"https:\/\/gabrielroche.com\/psy\/?s={search_term_string}"},"query-input":{"@type":"PropertyValueSpecification","valueRequired":true,"valueName":"search_term_string"}}],"inLanguage":"fr-FR"},{"@type":["Person","Organization"],"@id":"https:\/\/gabrielroche.com\/psy\/#\/schema\/person\/a902b0a2db1d1af67e0c34ee71f6e4f7","name":"gabrielroche","logo":{"@id":"https:\/\/gabrielroche.com\/psy\/#\/schema\/person\/image\/"}}]}},"_links":{"self":[{"href":"https:\/\/gabrielroche.com\/psy\/index.php?rest_route=\/wp\/v2\/pages\/118","targetHints":{"allow":["GET"]}}],"collection":[{"href":"https:\/\/gabrielroche.com\/psy\/index.php?rest_route=\/wp\/v2\/pages"}],"about":[{"href":"https:\/\/gabrielroche.com\/psy\/index.php?rest_route=\/wp\/v2\/types\/page"}],"author":[{"embeddable":true,"href":"https:\/\/gabrielroche.com\/psy\/index.php?rest_route=\/wp\/v2\/users\/1"}],"replies":[{"embeddable":true,"href":"https:\/\/gabrielroche.com\/psy\/index.php?rest_route=%2Fwp%2Fv2%2Fcomments&post=118"}],"version-history":[{"count":11,"href":"https:\/\/gabrielroche.com\/psy\/index.php?rest_route=\/wp\/v2\/pages\/118\/revisions"}],"predecessor-version":[{"id":402,"href":"https:\/\/gabrielroche.com\/psy\/index.php?rest_route=\/wp\/v2\/pages\/118\/revisions\/402"}],"wp:attachment":[{"href":"https:\/\/gabrielroche.com\/psy\/index.php?rest_route=%2Fwp%2Fv2%2Fmedia&parent=118"}],"curies":[{"name":"wp","href":"https:\/\/api.w.org\/{rel}","templated":true}]}}