{"id":13,"date":"2018-11-22T14:24:19","date_gmt":"2018-11-22T13:24:19","guid":{"rendered":"http:\/\/psyparis19.fr\/?page_id=13"},"modified":"2026-03-10T09:44:29","modified_gmt":"2026-03-10T08:44:29","slug":"la-methode-lanalyse-psycho-organique","status":"publish","type":"page","link":"https:\/\/gabrielroche.com\/psy\/?page_id=13","title":{"rendered":"M\u00e9thode"},"content":{"rendered":"<p><em>\u201cL\u2019Analyse Psycho-Organique est une nouvelle approche th\u00e9rapeutique reprenant des \u00e9l\u00e9ments des psychanalyses freudienne, jungienne et des th\u00e9ories de W. Reich pour ce qui se r\u00e9f\u00e8re au corps. Son fondateur Paul Boyesen a int\u00e9gr\u00e9 ces \u00e9l\u00e9ments depuis 1970 en une th\u00e9orie coh\u00e9rente qui a men\u00e9 \u00e0 une approche th\u00e9rapeutique concr\u00e8te\u201d<\/em><\/p>\n<p>Prof. Dr. Uwe Henrik Peters <em>Dictionnaire de Psychiatrie, Psychanalyse et Psychologie M\u00e9dicale <\/em>Urban und Schwarzemberg ; M\u00fcnchen, Wien ; 5\u00e8me \u00e9dition 1999, 1\u00e8re \u00e9dition 1974<\/p>\n<hr \/>\n<p><strong>Pr\u00e9sentation du travail en Analyse Psycho-Organique<\/strong><\/p>\n<p>L\u2019analyse psycho-organique a \u00e9t\u00e9 cr\u00e9\u00e9e par <strong>Jo\u00eblle et Paul Boyesen<\/strong> dans les ann\u00e9es 1970. Cette m\u00e9thode allie la psychanalyse et l\u2019approche psycho-corporelle. Par cette m\u00e9thode th\u00e9rapeutique, les pens\u00e9es, les \u00e9motions et les sensations sont sans cesse \u00e9cout\u00e9es, mobilis\u00e9es et mises en lien.<\/p>\n<p>Le travail se fait avec et par le corps, la-e patient-e est, g\u00e9n\u00e9ralement, allong\u00e9-e pendant les s\u00e9ances afin de permettre l\u2019expression corporelle et de soutenir l&rsquo;\u00e9mergence de l&rsquo;inconscient. L\u2019objectif est de faire circuler l\u2019\u00e9nergie afin de se r\u00e9approprier des connexions parfois bloqu\u00e9es par des conflits infantiles non r\u00e9solus.<\/p>\n<p>La pens\u00e9e cr\u00e9e des sensations, et ces sensations traversent le corps qui s\u2019exprime avec un langage qui lui est propre. Ainsi lorsqu\u2019une personne a \u00e9t\u00e9 emp\u00each\u00e9e de vivre ses \u00e9motions (interdits parentaux, probl\u00e8mes identitaires, narcissiques \u2026) elle \u00a0bloque la circulation de son \u00e9nergie et ainsi se cr\u00e9ent des stases qui conduisent aux somatisations, aux maladies physiques ou aux troubles mentaux.<\/p>\n<p>L\u2019objectif de la th\u00e9rapie est donc de renouer avec le sens, en accueillant les sensations de notre corps, et permettre au patient de se r\u00e9guler, de sentir son \u00eatre uni, et de s\u2019ouvrir \u00e0 son \u00e9panouissement, d\u2019acc\u00e9der \u00e0 sa maturit\u00e9 et \u00e0 sa singularit\u00e9.<\/p>\n<p><iframe loading=\"lazy\" title=\"Analyse Psycho-organique\" width=\"525\" height=\"295\" src=\"https:\/\/www.youtube.com\/embed\/5pGUol7dBbo?feature=oembed\" frameborder=\"0\" allow=\"accelerometer; autoplay; clipboard-write; encrypted-media; gyroscope; picture-in-picture; web-share\" referrerpolicy=\"strict-origin-when-cross-origin\" allowfullscreen><\/iframe><\/p>\n<p><strong>Liens \u00e0 propos de la m\u00e9thode<\/strong><\/p>\n<p>\u2022 <a href=\"https:\/\/analyse-psycho-organique.fr\/lanalyse-psycho-organique-une-methode-efficace\/\" target=\"_blank\" rel=\"noopener\">L\u2019analyse Psycho-Organique, ca pr\u00e9sentation officielle<\/a><br \/>\u2022 <a href=\"http:\/\/gabrielroche.com\/wp-content\/uploads\/2026\/03\/Analyse-Psycho-organique.pdf\">La pr\u00e9face du livre<\/a> \u00e9crite par Robert Neuburger, psychiatre et psychanalyste.<br \/>\u2022 Cette m\u00e9thode est membre de la <a href=\"https:\/\/www.ff2p.fr\/decryptage\/lanalyse-psycho-organique-apo\/\" target=\"_blank\" rel=\"noopener\">F\u00e9d\u00e9ration Fran\u00e7aise de Psychoth\u00e9rapie et Psychanalyse<\/a><br \/>\u2022 Elle est aussi reconnue au sein de l\u2019<a href=\"https:\/\/www.europsyche.org\/approaches\/psycho-organic-analysis\/\" target=\"_blank\" rel=\"noopener noreferrer\">European Association for Psychotherapy<\/a> (lien en anglais)<br \/>\u2022 Article dans le magazine <a href=\"http:\/\/www.psychologies.com\/Therapies\/Toutes-les-therapies\/Psychotherapies\/Articles-et-Dossiers\/L-analyse-psycho-organique\" target=\"_blank\" rel=\"noopener noreferrer\">Psychologies n\u00b0382<\/a> de f\u00e9vrier 2018<\/p>\n\n\n<p><\/p>\n","protected":false},"excerpt":{"rendered":"<p>\u201cL\u2019Analyse Psycho-Organique est une nouvelle approche th\u00e9rapeutique reprenant des \u00e9l\u00e9ments des psychanalyses freudienne, jungienne et des th\u00e9ories de W. Reich pour ce qui se r\u00e9f\u00e8re au corps. Son fondateur Paul Boyesen a int\u00e9gr\u00e9 ces \u00e9l\u00e9ments depuis 1970 en une th\u00e9orie coh\u00e9rente qui a men\u00e9 \u00e0 une approche th\u00e9rapeutique concr\u00e8te\u201d Prof. Dr. Uwe Henrik Peters Dictionnaire &hellip; <\/p>\n<p class=\"link-more\"><a href=\"https:\/\/gabrielroche.com\/psy\/?page_id=13\" class=\"more-link\">Continuer la lecture<span class=\"screen-reader-text\"> de &laquo;&nbsp;M\u00e9thode&nbsp;&raquo;<\/span><\/a><\/p>\n","protected":false},"author":1,"featured_media":0,"parent":0,"menu_order":0,"comment_status":"closed","ping_status":"closed","template":"","meta":{"footnotes":""},"class_list":["post-13","page","type-page","status-publish","hentry"],"yoast_head":"<!-- This site is optimized with the Yoast SEO plugin v24.9 - https:\/\/yoast.com\/wordpress\/plugins\/seo\/ -->\n<title>M\u00e9thode - Gabriel ROCHE<\/title>\n<meta name=\"description\" content=\"analyse psycho organique apo paris belleville psychanalyse boysen corporel corporelle soin soins stress depression anxiete\" \/>\n<meta name=\"robots\" content=\"index, follow, max-snippet:-1, max-image-preview:large, max-video-preview:-1\" \/>\n<link rel=\"canonical\" href=\"https:\/\/gabrielroche.com\/psy\/?page_id=13\" \/>\n<meta property=\"og:locale\" content=\"fr_FR\" \/>\n<meta property=\"og:type\" content=\"article\" \/>\n<meta property=\"og:title\" content=\"M\u00e9thode - Gabriel ROCHE\" \/>\n<meta property=\"og:description\" content=\"analyse psycho organique apo paris belleville psychanalyse boysen corporel corporelle soin soins stress depression anxiete\" \/>\n<meta property=\"og:url\" content=\"https:\/\/gabrielroche.com\/psy\/?page_id=13\" \/>\n<meta property=\"og:site_name\" content=\"Gabriel ROCHE\" \/>\n<meta property=\"article:modified_time\" content=\"2026-03-10T08:44:29+00:00\" \/>\n<meta name=\"twitter:card\" content=\"summary_large_image\" \/>\n<meta name=\"twitter:label1\" content=\"Dur\u00e9e de lecture estim\u00e9e\" \/>\n\t<meta name=\"twitter:data1\" content=\"2 minutes\" \/>\n<script type=\"application\/ld+json\" class=\"yoast-schema-graph\">{\"@context\":\"https:\/\/schema.org\",\"@graph\":[{\"@type\":\"WebPage\",\"@id\":\"https:\/\/gabrielroche.com\/psy\/?page_id=13\",\"url\":\"https:\/\/gabrielroche.com\/psy\/?page_id=13\",\"name\":\"M\u00e9thode - Gabriel ROCHE\",\"isPartOf\":{\"@id\":\"https:\/\/gabrielroche.com\/psy\/#website\"},\"datePublished\":\"2018-11-22T13:24:19+00:00\",\"dateModified\":\"2026-03-10T08:44:29+00:00\",\"description\":\"analyse psycho organique apo paris belleville psychanalyse boysen corporel corporelle soin soins stress depression anxiete\",\"breadcrumb\":{\"@id\":\"https:\/\/gabrielroche.com\/psy\/?page_id=13#breadcrumb\"},\"inLanguage\":\"fr-FR\",\"potentialAction\":[{\"@type\":\"ReadAction\",\"target\":[\"https:\/\/gabrielroche.com\/psy\/?page_id=13\"]}]},{\"@type\":\"BreadcrumbList\",\"@id\":\"https:\/\/gabrielroche.com\/psy\/?page_id=13#breadcrumb\",\"itemListElement\":[{\"@type\":\"ListItem\",\"position\":1,\"name\":\"Accueil\",\"item\":\"https:\/\/gabrielroche.com\/psy\/\"},{\"@type\":\"ListItem\",\"position\":2,\"name\":\"M\u00e9thode\"}]},{\"@type\":\"WebSite\",\"@id\":\"https:\/\/gabrielroche.com\/psy\/#website\",\"url\":\"https:\/\/gabrielroche.com\/psy\/\",\"name\":\"Gabriel Roche Analyse Psycho-Organique Paris 13\",\"description\":\"Analyste, Th\u00e9rapie Psycho-Organique, PARIS 13\",\"publisher\":{\"@id\":\"https:\/\/gabrielroche.com\/psy\/#\/schema\/person\/a902b0a2db1d1af67e0c34ee71f6e4f7\"},\"potentialAction\":[{\"@type\":\"SearchAction\",\"target\":{\"@type\":\"EntryPoint\",\"urlTemplate\":\"https:\/\/gabrielroche.com\/psy\/?s={search_term_string}\"},\"query-input\":{\"@type\":\"PropertyValueSpecification\",\"valueRequired\":true,\"valueName\":\"search_term_string\"}}],\"inLanguage\":\"fr-FR\"},{\"@type\":[\"Person\",\"Organization\"],\"@id\":\"https:\/\/gabrielroche.com\/psy\/#\/schema\/person\/a902b0a2db1d1af67e0c34ee71f6e4f7\",\"name\":\"gabrielroche\",\"logo\":{\"@id\":\"https:\/\/gabrielroche.com\/psy\/#\/schema\/person\/image\/\"}}]}<\/script>\n<!-- \/ Yoast SEO plugin. -->","yoast_head_json":{"title":"M\u00e9thode - Gabriel ROCHE","description":"analyse psycho organique apo paris belleville psychanalyse boysen corporel corporelle soin soins stress depression anxiete","robots":{"index":"index","follow":"follow","max-snippet":"max-snippet:-1","max-image-preview":"max-image-preview:large","max-video-preview":"max-video-preview:-1"},"canonical":"https:\/\/gabrielroche.com\/psy\/?page_id=13","og_locale":"fr_FR","og_type":"article","og_title":"M\u00e9thode - Gabriel ROCHE","og_description":"analyse psycho organique apo paris belleville psychanalyse boysen corporel corporelle soin soins stress depression anxiete","og_url":"https:\/\/gabrielroche.com\/psy\/?page_id=13","og_site_name":"Gabriel ROCHE","article_modified_time":"2026-03-10T08:44:29+00:00","twitter_card":"summary_large_image","twitter_misc":{"Dur\u00e9e de lecture estim\u00e9e":"2 minutes"},"schema":{"@context":"https:\/\/schema.org","@graph":[{"@type":"WebPage","@id":"https:\/\/gabrielroche.com\/psy\/?page_id=13","url":"https:\/\/gabrielroche.com\/psy\/?page_id=13","name":"M\u00e9thode - Gabriel ROCHE","isPartOf":{"@id":"https:\/\/gabrielroche.com\/psy\/#website"},"datePublished":"2018-11-22T13:24:19+00:00","dateModified":"2026-03-10T08:44:29+00:00","description":"analyse psycho organique apo paris belleville psychanalyse boysen corporel corporelle soin soins stress depression anxiete","breadcrumb":{"@id":"https:\/\/gabrielroche.com\/psy\/?page_id=13#breadcrumb"},"inLanguage":"fr-FR","potentialAction":[{"@type":"ReadAction","target":["https:\/\/gabrielroche.com\/psy\/?page_id=13"]}]},{"@type":"BreadcrumbList","@id":"https:\/\/gabrielroche.com\/psy\/?page_id=13#breadcrumb","itemListElement":[{"@type":"ListItem","position":1,"name":"Accueil","item":"https:\/\/gabrielroche.com\/psy\/"},{"@type":"ListItem","position":2,"name":"M\u00e9thode"}]},{"@type":"WebSite","@id":"https:\/\/gabrielroche.com\/psy\/#website","url":"https:\/\/gabrielroche.com\/psy\/","name":"Gabriel Roche Analyse Psycho-Organique Paris 13","description":"Analyste, Th\u00e9rapie Psycho-Organique, PARIS 13","publisher":{"@id":"https:\/\/gabrielroche.com\/psy\/#\/schema\/person\/a902b0a2db1d1af67e0c34ee71f6e4f7"},"potentialAction":[{"@type":"SearchAction","target":{"@type":"EntryPoint","urlTemplate":"https:\/\/gabrielroche.com\/psy\/?s={search_term_string}"},"query-input":{"@type":"PropertyValueSpecification","valueRequired":true,"valueName":"search_term_string"}}],"inLanguage":"fr-FR"},{"@type":["Person","Organization"],"@id":"https:\/\/gabrielroche.com\/psy\/#\/schema\/person\/a902b0a2db1d1af67e0c34ee71f6e4f7","name":"gabrielroche","logo":{"@id":"https:\/\/gabrielroche.com\/psy\/#\/schema\/person\/image\/"}}]}},"_links":{"self":[{"href":"https:\/\/gabrielroche.com\/psy\/index.php?rest_route=\/wp\/v2\/pages\/13","targetHints":{"allow":["GET"]}}],"collection":[{"href":"https:\/\/gabrielroche.com\/psy\/index.php?rest_route=\/wp\/v2\/pages"}],"about":[{"href":"https:\/\/gabrielroche.com\/psy\/index.php?rest_route=\/wp\/v2\/types\/page"}],"author":[{"embeddable":true,"href":"https:\/\/gabrielroche.com\/psy\/index.php?rest_route=\/wp\/v2\/users\/1"}],"replies":[{"embeddable":true,"href":"https:\/\/gabrielroche.com\/psy\/index.php?rest_route=%2Fwp%2Fv2%2Fcomments&post=13"}],"version-history":[{"count":24,"href":"https:\/\/gabrielroche.com\/psy\/index.php?rest_route=\/wp\/v2\/pages\/13\/revisions"}],"predecessor-version":[{"id":450,"href":"https:\/\/gabrielroche.com\/psy\/index.php?rest_route=\/wp\/v2\/pages\/13\/revisions\/450"}],"wp:attachment":[{"href":"https:\/\/gabrielroche.com\/psy\/index.php?rest_route=%2Fwp%2Fv2%2Fmedia&parent=13"}],"curies":[{"name":"wp","href":"https:\/\/api.w.org\/{rel}","templated":true}]}}