{"id":14,"date":"2018-11-22T14:24:19","date_gmt":"2018-11-22T13:24:19","guid":{"rendered":"http:\/\/psyparis19.fr\/?page_id=14"},"modified":"2026-03-16T16:11:51","modified_gmt":"2026-03-16T15:11:51","slug":"contact-psy-paris-19","status":"publish","type":"page","link":"https:\/\/gabrielroche.com\/psy\/?page_id=14","title":{"rendered":"Contact"},"content":{"rendered":"<p><img loading=\"lazy\" decoding=\"async\" class=\"alignnone wp-image-443\" src=\"http:\/\/gabrielroche.com\/psy\/wp-content\/uploads\/2026\/03\/IMG_2437.jpg\" alt=\"\" width=\"300\" height=\"400\" \/><\/p>\n<p><strong>T\u00e9l\u00e9phone : 06 51 83 34 03<\/strong> \/ 1 rue Xaintrailles &#8211; 75013 PARIS<\/p>\n<div class=\"et_pb_module et_pb_text et_pb_text_0  et_pb_text_align_left et_pb_bg_layout_light\">\n<div class=\"et_pb_text_inner\">\n<p>Rencontrons nous<\/p>\n<\/div>\n<\/div>\n<div class=\"et_pb_module et_pb_text et_pb_text_1  et_pb_text_align_left et_pb_bg_layout_light\">\n<div class=\"et_pb_text_inner\">\n<p>Choisir un th\u00e9rapeute, c\u2019est s&rsquo;adresser \u00e0 une personne form\u00e9e \u00e0 l\u2019accompagnement avec laquelle on se sent en <strong>confiance<\/strong>.<\/p>\n<p>Pour vous aider dans ce choix, je vous propose <strong>un premier rendez-vous <\/strong>d&rsquo;environ 30 mn \u00e0 mon cabinet.<\/p>\n<p>Cette premi\u00e8re rencontre est sans engagement et vous permettra de poser votre demande th\u00e9rapeutique.<\/p>\n<p>Apr\u00e8s cet entretien, <strong>vous serez libre de fixer<\/strong> des s\u00e9ances pour commencer votre psychoth\u00e9rapie.<\/p>\n<p>Mon cabin\u00e9 est situ\u00e9 au centre du nouveau quartier d\u2019affaire du 13e arrondissement, \u00e0 deux pas de la <strong>STATION F, <\/strong>de la <strong>BNF<\/strong> et des centres universitaires <strong>Paris 1 Tolbiac<\/strong>\u00a0et\u00a0<strong>Paris Diderot<\/strong>.<\/p>\n<\/div>\n<\/div>\n<p><strong>M\u00e9tros &amp; RER :<\/strong><\/p>\n<ul>\n<li>RER C, station Biblioth\u00e8que Fran\u00e7ois Mitterrand<\/li>\n<li>Ligne 14, stations Olympiades ou Biblioth\u00e8que Fran\u00e7ois Mitterrand<\/li>\n<li>Ligne 6, stations Chevaleret ou Nationale<\/li>\n<\/ul>\n<p><strong>Bus :<\/strong><\/p>\n<ul>\n<li>n\u00b027, arr\u00eat Jeanne d&rsquo;Arc \u00e9glise de la Gare<\/li>\n<li>n\u00b062,64 et 132 arr\u00eat Patay Tolbiac<\/li>\n<li>n\u00b071 et 89 arr\u00eat Biblioth\u00e8que Fran\u00e7ois Mitterrand<\/li>\n<\/ul>\n<p><b>V\u00e9lib :<\/b><\/p>\n<ul>\n<li>Parking \u00e0 v\u00e9los juste devant l&rsquo;entr\u00e9e du cabinet<\/li>\n<li>Station V\u00e9lib n\u00b0 13044 (Place Jeanne D&rsquo;arc)<\/li>\n<li>Station V\u00e9lib n\u00b0 13045 (Jean Colly &#8211; Tolbiac)<\/li>\n<li>Station V\u00e9lib n\u00b0 13052 (Laredde &#8211; Tolbiac)<\/li>\n<\/ul>\n<div><\/div>\n<p><strong>Je vous accueille aux horaires suivants :<\/strong><\/p>\n<ul>\n<li>Lundi : 09h00 &#8211; 20h00<\/li>\n<li>Mardi et mercredi : 08h00 &#8211; 20h00<\/li>\n<li>Jeudi : 08h00 &#8211; 19h00<\/li>\n<li>Vendredi : 08h00 &#8211; 17h00<\/li>\n<\/ul>\n<p style=\"text-align: center;\"><span style=\"color: black; font-size: small;\">SIRET : 389 104 761 000 33 \/ APE : 8690F Activit\u00e9s de sant\u00e9 humaine non class\u00e9es ailleurs<\/span><\/p>\n","protected":false},"excerpt":{"rendered":"<p>T\u00e9l\u00e9phone : 06 51 83 34 03 \/ 1 rue Xaintrailles &#8211; 75013 PARIS Rencontrons nous Choisir un th\u00e9rapeute, c\u2019est s&rsquo;adresser \u00e0 une personne form\u00e9e \u00e0 l\u2019accompagnement avec laquelle on se sent en confiance. Pour vous aider dans ce choix, je vous propose un premier rendez-vous d&rsquo;environ 30 mn \u00e0 mon cabinet. Cette premi\u00e8re rencontre &hellip; <\/p>\n<p class=\"link-more\"><a href=\"https:\/\/gabrielroche.com\/psy\/?page_id=14\" class=\"more-link\">Continuer la lecture<span class=\"screen-reader-text\"> de &laquo;&nbsp;Contact&nbsp;&raquo;<\/span><\/a><\/p>\n","protected":false},"author":1,"featured_media":0,"parent":0,"menu_order":0,"comment_status":"closed","ping_status":"closed","template":"","meta":{"footnotes":""},"class_list":["post-14","page","type-page","status-publish","hentry"],"yoast_head":"<!-- This site is optimized with the Yoast SEO plugin v24.9 - https:\/\/yoast.com\/wordpress\/plugins\/seo\/ -->\n<title>Contact - Gabriel ROCHE<\/title>\n<meta name=\"description\" content=\"Belleville Paris M\u00e9tro Bus psy psychopraticien psychotherapeute psychanalyse Paris19 paris19\u00e8 Paris19i\u00e8me stress depression couple therapie\" \/>\n<meta name=\"robots\" content=\"index, follow, max-snippet:-1, max-image-preview:large, max-video-preview:-1\" \/>\n<link rel=\"canonical\" href=\"https:\/\/gabrielroche.com\/psy\/?page_id=14\" \/>\n<meta property=\"og:locale\" content=\"fr_FR\" \/>\n<meta property=\"og:type\" content=\"article\" \/>\n<meta property=\"og:title\" content=\"Contact - Gabriel ROCHE\" \/>\n<meta property=\"og:description\" content=\"Belleville Paris M\u00e9tro Bus psy psychopraticien psychotherapeute psychanalyse Paris19 paris19\u00e8 Paris19i\u00e8me stress depression couple therapie\" \/>\n<meta property=\"og:url\" content=\"https:\/\/gabrielroche.com\/psy\/?page_id=14\" \/>\n<meta property=\"og:site_name\" content=\"Gabriel ROCHE\" \/>\n<meta property=\"article:modified_time\" content=\"2026-03-16T15:11:51+00:00\" \/>\n<meta property=\"og:image\" content=\"http:\/\/gabrielroche.com\/psy\/wp-content\/uploads\/2026\/03\/IMG_2437.jpg\" \/>\n<meta name=\"twitter:card\" content=\"summary_large_image\" \/>\n<meta name=\"twitter:label1\" content=\"Dur\u00e9e de lecture estim\u00e9e\" \/>\n\t<meta name=\"twitter:data1\" content=\"2 minutes\" \/>\n<script type=\"application\/ld+json\" class=\"yoast-schema-graph\">{\"@context\":\"https:\/\/schema.org\",\"@graph\":[{\"@type\":\"WebPage\",\"@id\":\"https:\/\/gabrielroche.com\/psy\/?page_id=14\",\"url\":\"https:\/\/gabrielroche.com\/psy\/?page_id=14\",\"name\":\"Contact - Gabriel ROCHE\",\"isPartOf\":{\"@id\":\"https:\/\/gabrielroche.com\/psy\/#website\"},\"primaryImageOfPage\":{\"@id\":\"https:\/\/gabrielroche.com\/psy\/?page_id=14#primaryimage\"},\"image\":{\"@id\":\"https:\/\/gabrielroche.com\/psy\/?page_id=14#primaryimage\"},\"thumbnailUrl\":\"http:\/\/gabrielroche.com\/psy\/wp-content\/uploads\/2026\/03\/IMG_2437.jpg\",\"datePublished\":\"2018-11-22T13:24:19+00:00\",\"dateModified\":\"2026-03-16T15:11:51+00:00\",\"description\":\"Belleville Paris M\u00e9tro Bus psy psychopraticien psychotherapeute psychanalyse Paris19 paris19\u00e8 Paris19i\u00e8me stress depression couple therapie\",\"breadcrumb\":{\"@id\":\"https:\/\/gabrielroche.com\/psy\/?page_id=14#breadcrumb\"},\"inLanguage\":\"fr-FR\",\"potentialAction\":[{\"@type\":\"ReadAction\",\"target\":[\"https:\/\/gabrielroche.com\/psy\/?page_id=14\"]}]},{\"@type\":\"ImageObject\",\"inLanguage\":\"fr-FR\",\"@id\":\"https:\/\/gabrielroche.com\/psy\/?page_id=14#primaryimage\",\"url\":\"https:\/\/gabrielroche.com\/psy\/wp-content\/uploads\/2026\/03\/IMG_2437.jpg\",\"contentUrl\":\"https:\/\/gabrielroche.com\/psy\/wp-content\/uploads\/2026\/03\/IMG_2437.jpg\",\"width\":2316,\"height\":3088},{\"@type\":\"BreadcrumbList\",\"@id\":\"https:\/\/gabrielroche.com\/psy\/?page_id=14#breadcrumb\",\"itemListElement\":[{\"@type\":\"ListItem\",\"position\":1,\"name\":\"Accueil\",\"item\":\"https:\/\/gabrielroche.com\/psy\/\"},{\"@type\":\"ListItem\",\"position\":2,\"name\":\"Contact\"}]},{\"@type\":\"WebSite\",\"@id\":\"https:\/\/gabrielroche.com\/psy\/#website\",\"url\":\"https:\/\/gabrielroche.com\/psy\/\",\"name\":\"Gabriel Roche Analyse Psycho-Organique Paris 13\",\"description\":\"Analyste, Th\u00e9rapie Psycho-Organique, PARIS 13\",\"publisher\":{\"@id\":\"https:\/\/gabrielroche.com\/psy\/#\/schema\/person\/a902b0a2db1d1af67e0c34ee71f6e4f7\"},\"potentialAction\":[{\"@type\":\"SearchAction\",\"target\":{\"@type\":\"EntryPoint\",\"urlTemplate\":\"https:\/\/gabrielroche.com\/psy\/?s={search_term_string}\"},\"query-input\":{\"@type\":\"PropertyValueSpecification\",\"valueRequired\":true,\"valueName\":\"search_term_string\"}}],\"inLanguage\":\"fr-FR\"},{\"@type\":[\"Person\",\"Organization\"],\"@id\":\"https:\/\/gabrielroche.com\/psy\/#\/schema\/person\/a902b0a2db1d1af67e0c34ee71f6e4f7\",\"name\":\"gabrielroche\",\"logo\":{\"@id\":\"https:\/\/gabrielroche.com\/psy\/#\/schema\/person\/image\/\"}}]}<\/script>\n<!-- \/ Yoast SEO plugin. -->","yoast_head_json":{"title":"Contact - Gabriel ROCHE","description":"Belleville Paris M\u00e9tro Bus psy psychopraticien psychotherapeute psychanalyse Paris19 paris19\u00e8 Paris19i\u00e8me stress depression couple therapie","robots":{"index":"index","follow":"follow","max-snippet":"max-snippet:-1","max-image-preview":"max-image-preview:large","max-video-preview":"max-video-preview:-1"},"canonical":"https:\/\/gabrielroche.com\/psy\/?page_id=14","og_locale":"fr_FR","og_type":"article","og_title":"Contact - Gabriel ROCHE","og_description":"Belleville Paris M\u00e9tro Bus psy psychopraticien psychotherapeute psychanalyse Paris19 paris19\u00e8 Paris19i\u00e8me stress depression couple therapie","og_url":"https:\/\/gabrielroche.com\/psy\/?page_id=14","og_site_name":"Gabriel ROCHE","article_modified_time":"2026-03-16T15:11:51+00:00","og_image":[{"url":"http:\/\/gabrielroche.com\/psy\/wp-content\/uploads\/2026\/03\/IMG_2437.jpg","type":"","width":"","height":""}],"twitter_card":"summary_large_image","twitter_misc":{"Dur\u00e9e de lecture estim\u00e9e":"2 minutes"},"schema":{"@context":"https:\/\/schema.org","@graph":[{"@type":"WebPage","@id":"https:\/\/gabrielroche.com\/psy\/?page_id=14","url":"https:\/\/gabrielroche.com\/psy\/?page_id=14","name":"Contact - Gabriel ROCHE","isPartOf":{"@id":"https:\/\/gabrielroche.com\/psy\/#website"},"primaryImageOfPage":{"@id":"https:\/\/gabrielroche.com\/psy\/?page_id=14#primaryimage"},"image":{"@id":"https:\/\/gabrielroche.com\/psy\/?page_id=14#primaryimage"},"thumbnailUrl":"http:\/\/gabrielroche.com\/psy\/wp-content\/uploads\/2026\/03\/IMG_2437.jpg","datePublished":"2018-11-22T13:24:19+00:00","dateModified":"2026-03-16T15:11:51+00:00","description":"Belleville Paris M\u00e9tro Bus psy psychopraticien psychotherapeute psychanalyse Paris19 paris19\u00e8 Paris19i\u00e8me stress depression couple therapie","breadcrumb":{"@id":"https:\/\/gabrielroche.com\/psy\/?page_id=14#breadcrumb"},"inLanguage":"fr-FR","potentialAction":[{"@type":"ReadAction","target":["https:\/\/gabrielroche.com\/psy\/?page_id=14"]}]},{"@type":"ImageObject","inLanguage":"fr-FR","@id":"https:\/\/gabrielroche.com\/psy\/?page_id=14#primaryimage","url":"https:\/\/gabrielroche.com\/psy\/wp-content\/uploads\/2026\/03\/IMG_2437.jpg","contentUrl":"https:\/\/gabrielroche.com\/psy\/wp-content\/uploads\/2026\/03\/IMG_2437.jpg","width":2316,"height":3088},{"@type":"BreadcrumbList","@id":"https:\/\/gabrielroche.com\/psy\/?page_id=14#breadcrumb","itemListElement":[{"@type":"ListItem","position":1,"name":"Accueil","item":"https:\/\/gabrielroche.com\/psy\/"},{"@type":"ListItem","position":2,"name":"Contact"}]},{"@type":"WebSite","@id":"https:\/\/gabrielroche.com\/psy\/#website","url":"https:\/\/gabrielroche.com\/psy\/","name":"Gabriel Roche Analyse Psycho-Organique Paris 13","description":"Analyste, Th\u00e9rapie Psycho-Organique, PARIS 13","publisher":{"@id":"https:\/\/gabrielroche.com\/psy\/#\/schema\/person\/a902b0a2db1d1af67e0c34ee71f6e4f7"},"potentialAction":[{"@type":"SearchAction","target":{"@type":"EntryPoint","urlTemplate":"https:\/\/gabrielroche.com\/psy\/?s={search_term_string}"},"query-input":{"@type":"PropertyValueSpecification","valueRequired":true,"valueName":"search_term_string"}}],"inLanguage":"fr-FR"},{"@type":["Person","Organization"],"@id":"https:\/\/gabrielroche.com\/psy\/#\/schema\/person\/a902b0a2db1d1af67e0c34ee71f6e4f7","name":"gabrielroche","logo":{"@id":"https:\/\/gabrielroche.com\/psy\/#\/schema\/person\/image\/"}}]}},"_links":{"self":[{"href":"https:\/\/gabrielroche.com\/psy\/index.php?rest_route=\/wp\/v2\/pages\/14","targetHints":{"allow":["GET"]}}],"collection":[{"href":"https:\/\/gabrielroche.com\/psy\/index.php?rest_route=\/wp\/v2\/pages"}],"about":[{"href":"https:\/\/gabrielroche.com\/psy\/index.php?rest_route=\/wp\/v2\/types\/page"}],"author":[{"embeddable":true,"href":"https:\/\/gabrielroche.com\/psy\/index.php?rest_route=\/wp\/v2\/users\/1"}],"replies":[{"embeddable":true,"href":"https:\/\/gabrielroche.com\/psy\/index.php?rest_route=%2Fwp%2Fv2%2Fcomments&post=14"}],"version-history":[{"count":64,"href":"https:\/\/gabrielroche.com\/psy\/index.php?rest_route=\/wp\/v2\/pages\/14\/revisions"}],"predecessor-version":[{"id":465,"href":"https:\/\/gabrielroche.com\/psy\/index.php?rest_route=\/wp\/v2\/pages\/14\/revisions\/465"}],"wp:attachment":[{"href":"https:\/\/gabrielroche.com\/psy\/index.php?rest_route=%2Fwp%2Fv2%2Fmedia&parent=14"}],"curies":[{"name":"wp","href":"https:\/\/api.w.org\/{rel}","templated":true}]}}