{"id":200,"date":"2023-11-16T16:49:17","date_gmt":"2023-11-16T15:49:17","guid":{"rendered":"http:\/\/psyparis19.fr\/?page_id=200"},"modified":"2026-03-16T16:10:06","modified_gmt":"2026-03-16T15:10:06","slug":"le-groupe-de-therapie","status":"publish","type":"page","link":"https:\/\/gabrielroche.com\/psy\/?page_id=200","title":{"rendered":"Le groupe de th\u00e9rapie"},"content":{"rendered":"\n<p>Je co-anime un groupe de th\u00e9rapie intitul\u00e9 <em>L\u2019Un e[s]t l\u2019Autre<\/em>. Nous avons eu l\u2019immense joie de le cr\u00e9er en 2023. Il se poursuit avec un beau noyau. Il reste de la place pour de nouveaux patients d\u00e8s le mois de septembre 2025.<\/p>\n\n\n\n<p>Ce groupe de th\u00e9rapie se focalise sur le th\u00e8me d\u2019\u00eatre soi parmi les autres. A chaque journ\u00e9e de groupe nous proposerons une mise en situation afin que les pens\u00e9es, les \u00e9motions et les sensations soient sans cesse \u00e9cout\u00e9es, mobilis\u00e9es et mises en lien. Pour ce faire, nous articulons les outils de l&rsquo;Analyse Psycho-Organique (PIT, r\u00eave \u00e9veill\u00e9, exp\u00e9rientiels et psychodrame &#8230;) pour permettre l\u2019\u00e9mergence au sein du groupe. En effet, ce groupe s\u2019adresse \u00e0 des personnes qui souffrent d\u2019isolement, de difficult\u00e9s \u00e0 socialiser, d\u2019angoisse \u00e0 investir le lien avec l\u2019autre. Le groupe se r\u00e9unit un samedi par mois \u00e0 Paris dans le 11\u00e8me arrondissement. Vous trouverez le flyer de ce groupe continu en pi\u00e8ce jointe avec les modalit\u00e9s d&rsquo;inscription. Il est possible de rejoindre le groupe \u00e0 n&rsquo;importe quel moment de l&rsquo;ann\u00e9e.<\/p>\n\n\n\n<figure class=\"wp-block-image size-full\"><img loading=\"lazy\" decoding=\"async\" width=\"1753\" height=\"1240\" src=\"http:\/\/gabrielroche.com\/psy\/wp-content\/uploads\/2025\/09\/GroupeTH2526.jpg\" alt=\"\" class=\"wp-image-440\"\/><\/figure>\n","protected":false},"excerpt":{"rendered":"<p>Je co-anime un groupe de th\u00e9rapie intitul\u00e9 L\u2019Un e[s]t l\u2019Autre. Nous avons eu l\u2019immense joie de le cr\u00e9er en 2023. Il se poursuit avec un beau noyau. Il reste de la place pour de nouveaux patients d\u00e8s le mois de septembre 2025. Ce groupe de th\u00e9rapie se focalise sur le th\u00e8me d\u2019\u00eatre soi parmi les &hellip; <\/p>\n<p class=\"link-more\"><a href=\"https:\/\/gabrielroche.com\/psy\/?page_id=200\" class=\"more-link\">Continuer la lecture<span class=\"screen-reader-text\"> de &laquo;&nbsp;Le groupe de th\u00e9rapie&nbsp;&raquo;<\/span><\/a><\/p>\n","protected":false},"author":1,"featured_media":0,"parent":0,"menu_order":0,"comment_status":"closed","ping_status":"closed","template":"","meta":{"footnotes":""},"class_list":["post-200","page","type-page","status-publish","hentry"],"yoast_head":"<!-- This site is optimized with the Yoast SEO plugin v24.9 - https:\/\/yoast.com\/wordpress\/plugins\/seo\/ -->\n<title>Le groupe de th\u00e9rapie - Gabriel ROCHE<\/title>\n<meta name=\"robots\" content=\"index, follow, max-snippet:-1, max-image-preview:large, max-video-preview:-1\" \/>\n<link rel=\"canonical\" href=\"https:\/\/gabrielroche.com\/psy\/?page_id=200\" \/>\n<meta property=\"og:locale\" content=\"fr_FR\" \/>\n<meta property=\"og:type\" content=\"article\" \/>\n<meta property=\"og:title\" content=\"Le groupe de th\u00e9rapie - Gabriel ROCHE\" \/>\n<meta property=\"og:description\" content=\"Je co-anime un groupe de th\u00e9rapie intitul\u00e9 L\u2019Un e[s]t l\u2019Autre. Nous avons eu l\u2019immense joie de le cr\u00e9er en 2023. Il se poursuit avec un beau noyau. Il reste de la place pour de nouveaux patients d\u00e8s le mois de septembre 2025. Ce groupe de th\u00e9rapie se focalise sur le th\u00e8me d\u2019\u00eatre soi parmi les &hellip; Continuer la lecture de &laquo;&nbsp;Le groupe de th\u00e9rapie&nbsp;&raquo;\" \/>\n<meta property=\"og:url\" content=\"https:\/\/gabrielroche.com\/psy\/?page_id=200\" \/>\n<meta property=\"og:site_name\" content=\"Gabriel ROCHE\" \/>\n<meta property=\"article:modified_time\" content=\"2026-03-16T15:10:06+00:00\" \/>\n<meta property=\"og:image\" content=\"http:\/\/gabrielroche.com\/psy\/wp-content\/uploads\/2025\/09\/GroupeTH2526.jpg\" \/>\n<meta name=\"twitter:card\" content=\"summary_large_image\" \/>\n<meta name=\"twitter:label1\" content=\"Dur\u00e9e de lecture estim\u00e9e\" \/>\n\t<meta name=\"twitter:data1\" content=\"2 minutes\" \/>\n<script type=\"application\/ld+json\" class=\"yoast-schema-graph\">{\"@context\":\"https:\/\/schema.org\",\"@graph\":[{\"@type\":\"WebPage\",\"@id\":\"https:\/\/gabrielroche.com\/psy\/?page_id=200\",\"url\":\"https:\/\/gabrielroche.com\/psy\/?page_id=200\",\"name\":\"Le groupe de th\u00e9rapie - Gabriel ROCHE\",\"isPartOf\":{\"@id\":\"https:\/\/gabrielroche.com\/psy\/#website\"},\"primaryImageOfPage\":{\"@id\":\"https:\/\/gabrielroche.com\/psy\/?page_id=200#primaryimage\"},\"image\":{\"@id\":\"https:\/\/gabrielroche.com\/psy\/?page_id=200#primaryimage\"},\"thumbnailUrl\":\"http:\/\/gabrielroche.com\/psy\/wp-content\/uploads\/2025\/09\/GroupeTH2526.jpg\",\"datePublished\":\"2023-11-16T15:49:17+00:00\",\"dateModified\":\"2026-03-16T15:10:06+00:00\",\"breadcrumb\":{\"@id\":\"https:\/\/gabrielroche.com\/psy\/?page_id=200#breadcrumb\"},\"inLanguage\":\"fr-FR\",\"potentialAction\":[{\"@type\":\"ReadAction\",\"target\":[\"https:\/\/gabrielroche.com\/psy\/?page_id=200\"]}]},{\"@type\":\"ImageObject\",\"inLanguage\":\"fr-FR\",\"@id\":\"https:\/\/gabrielroche.com\/psy\/?page_id=200#primaryimage\",\"url\":\"https:\/\/gabrielroche.com\/psy\/wp-content\/uploads\/2025\/09\/GroupeTH2526.jpg\",\"contentUrl\":\"https:\/\/gabrielroche.com\/psy\/wp-content\/uploads\/2025\/09\/GroupeTH2526.jpg\",\"width\":1753,\"height\":1240},{\"@type\":\"BreadcrumbList\",\"@id\":\"https:\/\/gabrielroche.com\/psy\/?page_id=200#breadcrumb\",\"itemListElement\":[{\"@type\":\"ListItem\",\"position\":1,\"name\":\"Accueil\",\"item\":\"https:\/\/gabrielroche.com\/psy\/\"},{\"@type\":\"ListItem\",\"position\":2,\"name\":\"Le groupe de th\u00e9rapie\"}]},{\"@type\":\"WebSite\",\"@id\":\"https:\/\/gabrielroche.com\/psy\/#website\",\"url\":\"https:\/\/gabrielroche.com\/psy\/\",\"name\":\"Gabriel Roche Analyse Psycho-Organique Paris 13\",\"description\":\"Analyste, Th\u00e9rapie Psycho-Organique, PARIS 13\",\"publisher\":{\"@id\":\"https:\/\/gabrielroche.com\/psy\/#\/schema\/person\/a902b0a2db1d1af67e0c34ee71f6e4f7\"},\"potentialAction\":[{\"@type\":\"SearchAction\",\"target\":{\"@type\":\"EntryPoint\",\"urlTemplate\":\"https:\/\/gabrielroche.com\/psy\/?s={search_term_string}\"},\"query-input\":{\"@type\":\"PropertyValueSpecification\",\"valueRequired\":true,\"valueName\":\"search_term_string\"}}],\"inLanguage\":\"fr-FR\"},{\"@type\":[\"Person\",\"Organization\"],\"@id\":\"https:\/\/gabrielroche.com\/psy\/#\/schema\/person\/a902b0a2db1d1af67e0c34ee71f6e4f7\",\"name\":\"gabrielroche\",\"logo\":{\"@id\":\"https:\/\/gabrielroche.com\/psy\/#\/schema\/person\/image\/\"}}]}<\/script>\n<!-- \/ Yoast SEO plugin. -->","yoast_head_json":{"title":"Le groupe de th\u00e9rapie - Gabriel ROCHE","robots":{"index":"index","follow":"follow","max-snippet":"max-snippet:-1","max-image-preview":"max-image-preview:large","max-video-preview":"max-video-preview:-1"},"canonical":"https:\/\/gabrielroche.com\/psy\/?page_id=200","og_locale":"fr_FR","og_type":"article","og_title":"Le groupe de th\u00e9rapie - Gabriel ROCHE","og_description":"Je co-anime un groupe de th\u00e9rapie intitul\u00e9 L\u2019Un e[s]t l\u2019Autre. Nous avons eu l\u2019immense joie de le cr\u00e9er en 2023. Il se poursuit avec un beau noyau. Il reste de la place pour de nouveaux patients d\u00e8s le mois de septembre 2025. Ce groupe de th\u00e9rapie se focalise sur le th\u00e8me d\u2019\u00eatre soi parmi les &hellip; Continuer la lecture de &laquo;&nbsp;Le groupe de th\u00e9rapie&nbsp;&raquo;","og_url":"https:\/\/gabrielroche.com\/psy\/?page_id=200","og_site_name":"Gabriel ROCHE","article_modified_time":"2026-03-16T15:10:06+00:00","og_image":[{"url":"http:\/\/gabrielroche.com\/psy\/wp-content\/uploads\/2025\/09\/GroupeTH2526.jpg","type":"","width":"","height":""}],"twitter_card":"summary_large_image","twitter_misc":{"Dur\u00e9e de lecture estim\u00e9e":"2 minutes"},"schema":{"@context":"https:\/\/schema.org","@graph":[{"@type":"WebPage","@id":"https:\/\/gabrielroche.com\/psy\/?page_id=200","url":"https:\/\/gabrielroche.com\/psy\/?page_id=200","name":"Le groupe de th\u00e9rapie - Gabriel ROCHE","isPartOf":{"@id":"https:\/\/gabrielroche.com\/psy\/#website"},"primaryImageOfPage":{"@id":"https:\/\/gabrielroche.com\/psy\/?page_id=200#primaryimage"},"image":{"@id":"https:\/\/gabrielroche.com\/psy\/?page_id=200#primaryimage"},"thumbnailUrl":"http:\/\/gabrielroche.com\/psy\/wp-content\/uploads\/2025\/09\/GroupeTH2526.jpg","datePublished":"2023-11-16T15:49:17+00:00","dateModified":"2026-03-16T15:10:06+00:00","breadcrumb":{"@id":"https:\/\/gabrielroche.com\/psy\/?page_id=200#breadcrumb"},"inLanguage":"fr-FR","potentialAction":[{"@type":"ReadAction","target":["https:\/\/gabrielroche.com\/psy\/?page_id=200"]}]},{"@type":"ImageObject","inLanguage":"fr-FR","@id":"https:\/\/gabrielroche.com\/psy\/?page_id=200#primaryimage","url":"https:\/\/gabrielroche.com\/psy\/wp-content\/uploads\/2025\/09\/GroupeTH2526.jpg","contentUrl":"https:\/\/gabrielroche.com\/psy\/wp-content\/uploads\/2025\/09\/GroupeTH2526.jpg","width":1753,"height":1240},{"@type":"BreadcrumbList","@id":"https:\/\/gabrielroche.com\/psy\/?page_id=200#breadcrumb","itemListElement":[{"@type":"ListItem","position":1,"name":"Accueil","item":"https:\/\/gabrielroche.com\/psy\/"},{"@type":"ListItem","position":2,"name":"Le groupe de th\u00e9rapie"}]},{"@type":"WebSite","@id":"https:\/\/gabrielroche.com\/psy\/#website","url":"https:\/\/gabrielroche.com\/psy\/","name":"Gabriel Roche Analyse Psycho-Organique Paris 13","description":"Analyste, Th\u00e9rapie Psycho-Organique, PARIS 13","publisher":{"@id":"https:\/\/gabrielroche.com\/psy\/#\/schema\/person\/a902b0a2db1d1af67e0c34ee71f6e4f7"},"potentialAction":[{"@type":"SearchAction","target":{"@type":"EntryPoint","urlTemplate":"https:\/\/gabrielroche.com\/psy\/?s={search_term_string}"},"query-input":{"@type":"PropertyValueSpecification","valueRequired":true,"valueName":"search_term_string"}}],"inLanguage":"fr-FR"},{"@type":["Person","Organization"],"@id":"https:\/\/gabrielroche.com\/psy\/#\/schema\/person\/a902b0a2db1d1af67e0c34ee71f6e4f7","name":"gabrielroche","logo":{"@id":"https:\/\/gabrielroche.com\/psy\/#\/schema\/person\/image\/"}}]}},"_links":{"self":[{"href":"https:\/\/gabrielroche.com\/psy\/index.php?rest_route=\/wp\/v2\/pages\/200","targetHints":{"allow":["GET"]}}],"collection":[{"href":"https:\/\/gabrielroche.com\/psy\/index.php?rest_route=\/wp\/v2\/pages"}],"about":[{"href":"https:\/\/gabrielroche.com\/psy\/index.php?rest_route=\/wp\/v2\/types\/page"}],"author":[{"embeddable":true,"href":"https:\/\/gabrielroche.com\/psy\/index.php?rest_route=\/wp\/v2\/users\/1"}],"replies":[{"embeddable":true,"href":"https:\/\/gabrielroche.com\/psy\/index.php?rest_route=%2Fwp%2Fv2%2Fcomments&post=200"}],"version-history":[{"count":11,"href":"https:\/\/gabrielroche.com\/psy\/index.php?rest_route=\/wp\/v2\/pages\/200\/revisions"}],"predecessor-version":[{"id":462,"href":"https:\/\/gabrielroche.com\/psy\/index.php?rest_route=\/wp\/v2\/pages\/200\/revisions\/462"}],"wp:attachment":[{"href":"https:\/\/gabrielroche.com\/psy\/index.php?rest_route=%2Fwp%2Fv2%2Fmedia&parent=200"}],"curies":[{"name":"wp","href":"https:\/\/api.w.org\/{rel}","templated":true}]}}