{"id":345,"date":"2025-04-24T17:05:03","date_gmt":"2025-04-24T15:05:03","guid":{"rendered":"http:\/\/gabrielroche.com\/?page_id=345"},"modified":"2026-03-16T16:05:54","modified_gmt":"2026-03-16T15:05:54","slug":"therapie-de-lenfant","status":"publish","type":"page","link":"https:\/\/gabrielroche.com\/psy\/?page_id=345","title":{"rendered":"Th\u00e9rapie de l&rsquo;enfant"},"content":{"rendered":"\n<figure class=\"wp-block-gallery has-nested-images columns-default is-cropped wp-block-gallery-1 is-layout-flex wp-block-gallery-is-layout-flex\">\n<figure class=\"wp-block-image size-full\"><img loading=\"lazy\" decoding=\"async\" width=\"2551\" height=\"3827\" data-id=\"453\" src=\"http:\/\/gabrielroche.com\/psy\/wp-content\/uploads\/2026\/03\/08032014_MG_8990Thenfant.jpg\" alt=\"\" class=\"wp-image-453\"\/><\/figure>\n<\/figure>\n\n\n\n<p>La th\u00e9rapie de l\u2019enfant est avant tout une question de jeu. Chez le <strong>nourrisson,<\/strong> la m\u00e8re et lui ne sont pas distincts, il vit le corps de la m\u00e8re comme <strong>un prolongement de lui-m\u00eame<\/strong>. Le jeu n&rsquo;est donc pas une notion de distance mais un jeu de corps \u00e0 corps, une union n\u00e9cessaire au d\u00e9veloppement de son identit\u00e9 avec un sentiment de s\u00e9curit\u00e9, <strong>un contenant de sa vie<\/strong>. <\/p>\n\n\n\n<p>Le p\u00e9dopsychiatre britannique Donald Winnocott qualifie la fonction de la m\u00e8re comme une <strong>m\u00e8re<\/strong> <strong>\u00ab suffisamment bonne \u00bb<\/strong>. Cela signifie que la m\u00e8re &#8211; la fonction maternelle &#8211; ne comble pas toujours son enfant et lui permet, en fonction de ses capacit\u00e9s d\u2019\u00e9prouver la s\u00e9paration. Cette t\u00e2che, qui correspond au sevrage, n\u00e9cessite une adaptation de la m\u00e8re aux besoins de son nourrisson au moment o\u00f9 celui-ci les ressent. Il existe donc un jeu entre la m\u00e8re et le nourrisson. Le jeu entre la m\u00e8re et son nourrisson correspond \u00e0 un chevauchement des espaces potentiels de chacun.<\/p>\n\n\n\n<p><em>\u00ab Il ne faut jamais oublier que jouer est une th\u00e9rapie en soi. Faire le n\u00e9cessaire pour que les enfants soient capables de jouer, c\u2019est une psychoth\u00e9rapie qui a une application imm\u00e9diate et universelle ; elle comporte l\u2019\u00e9tablissement d\u2019une attitude sociale positive envers le jeu&#8230;\u00a0\u00bb Donald Winicott<\/em><\/p>\n\n\n\n<p>Plus tard l&rsquo;enfant, lorsque l\u2019enfant joue, il remod\u00e8le la r\u00e9alit\u00e9 en fonction de ses besoins<strong>.<\/strong> L\u2019enfant distingue la r\u00e9alit\u00e9 de ses d\u00e9sirs propres, et le jeu est un moyen d\u2019exister en tant que \u00ab soi \u00bb, malgr\u00e9 les contraintes de la r\u00e9alit\u00e9 auxquelles il doit s\u2019adapter. <strong>Jouer est ainsi un acte cr\u00e9ateur, une invention d\u2019un individu.<\/strong><\/p>\n\n\n\n<p>Le <strong>jeu de l\u2019enfant est spontan\u00e9 et universel<\/strong>, c&rsquo;est le moyen par lequel il s\u2019approprie le monde, son organisation et ses lois. En th\u00e9rapie l&rsquo;usage d&rsquo;outils de m\u00e9diation &#8211; dessin, figurine, p\u00e2te \u00e0 modeler &#8211; permets d&rsquo;entrer en relation profonde et f\u00e9conde avec l&rsquo;enfant et son univers.<\/p>\n\n\n\n<p>Dans la th\u00e9rapie, je soutiens la parentalit\u00e9 qui se sent d\u00e9bord\u00e9e par le <em>jeu<\/em> de leur.s enfant.s, et qui n&rsquo;arrive pas \u00e0 les contenir.<\/p>\n\n\n\n<p><\/p>\n","protected":false},"excerpt":{"rendered":"<p>La th\u00e9rapie de l\u2019enfant est avant tout une question de jeu. Chez le nourrisson, la m\u00e8re et lui ne sont pas distincts, il vit le corps de la m\u00e8re comme un prolongement de lui-m\u00eame. Le jeu n&rsquo;est donc pas une notion de distance mais un jeu de corps \u00e0 corps, une union n\u00e9cessaire au d\u00e9veloppement &hellip; <\/p>\n<p class=\"link-more\"><a href=\"https:\/\/gabrielroche.com\/psy\/?page_id=345\" class=\"more-link\">Continuer la lecture<span class=\"screen-reader-text\"> de &laquo;&nbsp;Th\u00e9rapie de l&rsquo;enfant&nbsp;&raquo;<\/span><\/a><\/p>\n","protected":false},"author":1,"featured_media":0,"parent":0,"menu_order":0,"comment_status":"closed","ping_status":"closed","template":"","meta":{"footnotes":""},"class_list":["post-345","page","type-page","status-publish","hentry"],"yoast_head":"<!-- This site is optimized with the Yoast SEO plugin v24.9 - https:\/\/yoast.com\/wordpress\/plugins\/seo\/ -->\n<title>Th\u00e9rapie de l&#039;enfant - Gabriel ROCHE<\/title>\n<meta name=\"robots\" content=\"index, follow, max-snippet:-1, max-image-preview:large, max-video-preview:-1\" \/>\n<link rel=\"canonical\" href=\"https:\/\/gabrielroche.com\/psy\/?page_id=345\" \/>\n<meta property=\"og:locale\" content=\"fr_FR\" \/>\n<meta property=\"og:type\" content=\"article\" \/>\n<meta property=\"og:title\" content=\"Th\u00e9rapie de l&#039;enfant - Gabriel ROCHE\" \/>\n<meta property=\"og:description\" content=\"La th\u00e9rapie de l\u2019enfant est avant tout une question de jeu. Chez le nourrisson, la m\u00e8re et lui ne sont pas distincts, il vit le corps de la m\u00e8re comme un prolongement de lui-m\u00eame. Le jeu n&rsquo;est donc pas une notion de distance mais un jeu de corps \u00e0 corps, une union n\u00e9cessaire au d\u00e9veloppement &hellip; Continuer la lecture de &laquo;&nbsp;Th\u00e9rapie de l&rsquo;enfant&nbsp;&raquo;\" \/>\n<meta property=\"og:url\" content=\"https:\/\/gabrielroche.com\/psy\/?page_id=345\" \/>\n<meta property=\"og:site_name\" content=\"Gabriel ROCHE\" \/>\n<meta property=\"article:modified_time\" content=\"2026-03-16T15:05:54+00:00\" \/>\n<meta property=\"og:image\" content=\"http:\/\/gabrielroche.com\/psy\/wp-content\/uploads\/2026\/03\/08032014_MG_8990Thenfant.jpg\" \/>\n<meta name=\"twitter:card\" content=\"summary_large_image\" \/>\n<meta name=\"twitter:label1\" content=\"Dur\u00e9e de lecture estim\u00e9e\" \/>\n\t<meta name=\"twitter:data1\" content=\"2 minutes\" \/>\n<script type=\"application\/ld+json\" class=\"yoast-schema-graph\">{\"@context\":\"https:\/\/schema.org\",\"@graph\":[{\"@type\":\"WebPage\",\"@id\":\"https:\/\/gabrielroche.com\/psy\/?page_id=345\",\"url\":\"https:\/\/gabrielroche.com\/psy\/?page_id=345\",\"name\":\"Th\u00e9rapie de l'enfant - Gabriel ROCHE\",\"isPartOf\":{\"@id\":\"https:\/\/gabrielroche.com\/psy\/#website\"},\"primaryImageOfPage\":{\"@id\":\"https:\/\/gabrielroche.com\/psy\/?page_id=345#primaryimage\"},\"image\":{\"@id\":\"https:\/\/gabrielroche.com\/psy\/?page_id=345#primaryimage\"},\"thumbnailUrl\":\"http:\/\/gabrielroche.com\/psy\/wp-content\/uploads\/2026\/03\/08032014_MG_8990Thenfant.jpg\",\"datePublished\":\"2025-04-24T15:05:03+00:00\",\"dateModified\":\"2026-03-16T15:05:54+00:00\",\"breadcrumb\":{\"@id\":\"https:\/\/gabrielroche.com\/psy\/?page_id=345#breadcrumb\"},\"inLanguage\":\"fr-FR\",\"potentialAction\":[{\"@type\":\"ReadAction\",\"target\":[\"https:\/\/gabrielroche.com\/psy\/?page_id=345\"]}]},{\"@type\":\"ImageObject\",\"inLanguage\":\"fr-FR\",\"@id\":\"https:\/\/gabrielroche.com\/psy\/?page_id=345#primaryimage\",\"url\":\"https:\/\/gabrielroche.com\/psy\/wp-content\/uploads\/2026\/03\/08032014_MG_8990Thenfant.jpg\",\"contentUrl\":\"https:\/\/gabrielroche.com\/psy\/wp-content\/uploads\/2026\/03\/08032014_MG_8990Thenfant.jpg\",\"width\":2551,\"height\":3827},{\"@type\":\"BreadcrumbList\",\"@id\":\"https:\/\/gabrielroche.com\/psy\/?page_id=345#breadcrumb\",\"itemListElement\":[{\"@type\":\"ListItem\",\"position\":1,\"name\":\"Accueil\",\"item\":\"https:\/\/gabrielroche.com\/psy\/\"},{\"@type\":\"ListItem\",\"position\":2,\"name\":\"Th\u00e9rapie de l&rsquo;enfant\"}]},{\"@type\":\"WebSite\",\"@id\":\"https:\/\/gabrielroche.com\/psy\/#website\",\"url\":\"https:\/\/gabrielroche.com\/psy\/\",\"name\":\"Gabriel Roche Analyse Psycho-Organique Paris 13\",\"description\":\"Analyste, Th\u00e9rapie Psycho-Organique, PARIS 13\",\"publisher\":{\"@id\":\"https:\/\/gabrielroche.com\/psy\/#\/schema\/person\/a902b0a2db1d1af67e0c34ee71f6e4f7\"},\"potentialAction\":[{\"@type\":\"SearchAction\",\"target\":{\"@type\":\"EntryPoint\",\"urlTemplate\":\"https:\/\/gabrielroche.com\/psy\/?s={search_term_string}\"},\"query-input\":{\"@type\":\"PropertyValueSpecification\",\"valueRequired\":true,\"valueName\":\"search_term_string\"}}],\"inLanguage\":\"fr-FR\"},{\"@type\":[\"Person\",\"Organization\"],\"@id\":\"https:\/\/gabrielroche.com\/psy\/#\/schema\/person\/a902b0a2db1d1af67e0c34ee71f6e4f7\",\"name\":\"gabrielroche\",\"logo\":{\"@id\":\"https:\/\/gabrielroche.com\/psy\/#\/schema\/person\/image\/\"}}]}<\/script>\n<!-- \/ Yoast SEO plugin. -->","yoast_head_json":{"title":"Th\u00e9rapie de l'enfant - Gabriel ROCHE","robots":{"index":"index","follow":"follow","max-snippet":"max-snippet:-1","max-image-preview":"max-image-preview:large","max-video-preview":"max-video-preview:-1"},"canonical":"https:\/\/gabrielroche.com\/psy\/?page_id=345","og_locale":"fr_FR","og_type":"article","og_title":"Th\u00e9rapie de l'enfant - Gabriel ROCHE","og_description":"La th\u00e9rapie de l\u2019enfant est avant tout une question de jeu. Chez le nourrisson, la m\u00e8re et lui ne sont pas distincts, il vit le corps de la m\u00e8re comme un prolongement de lui-m\u00eame. Le jeu n&rsquo;est donc pas une notion de distance mais un jeu de corps \u00e0 corps, une union n\u00e9cessaire au d\u00e9veloppement &hellip; Continuer la lecture de &laquo;&nbsp;Th\u00e9rapie de l&rsquo;enfant&nbsp;&raquo;","og_url":"https:\/\/gabrielroche.com\/psy\/?page_id=345","og_site_name":"Gabriel ROCHE","article_modified_time":"2026-03-16T15:05:54+00:00","og_image":[{"url":"http:\/\/gabrielroche.com\/psy\/wp-content\/uploads\/2026\/03\/08032014_MG_8990Thenfant.jpg","type":"","width":"","height":""}],"twitter_card":"summary_large_image","twitter_misc":{"Dur\u00e9e de lecture estim\u00e9e":"2 minutes"},"schema":{"@context":"https:\/\/schema.org","@graph":[{"@type":"WebPage","@id":"https:\/\/gabrielroche.com\/psy\/?page_id=345","url":"https:\/\/gabrielroche.com\/psy\/?page_id=345","name":"Th\u00e9rapie de l'enfant - Gabriel ROCHE","isPartOf":{"@id":"https:\/\/gabrielroche.com\/psy\/#website"},"primaryImageOfPage":{"@id":"https:\/\/gabrielroche.com\/psy\/?page_id=345#primaryimage"},"image":{"@id":"https:\/\/gabrielroche.com\/psy\/?page_id=345#primaryimage"},"thumbnailUrl":"http:\/\/gabrielroche.com\/psy\/wp-content\/uploads\/2026\/03\/08032014_MG_8990Thenfant.jpg","datePublished":"2025-04-24T15:05:03+00:00","dateModified":"2026-03-16T15:05:54+00:00","breadcrumb":{"@id":"https:\/\/gabrielroche.com\/psy\/?page_id=345#breadcrumb"},"inLanguage":"fr-FR","potentialAction":[{"@type":"ReadAction","target":["https:\/\/gabrielroche.com\/psy\/?page_id=345"]}]},{"@type":"ImageObject","inLanguage":"fr-FR","@id":"https:\/\/gabrielroche.com\/psy\/?page_id=345#primaryimage","url":"https:\/\/gabrielroche.com\/psy\/wp-content\/uploads\/2026\/03\/08032014_MG_8990Thenfant.jpg","contentUrl":"https:\/\/gabrielroche.com\/psy\/wp-content\/uploads\/2026\/03\/08032014_MG_8990Thenfant.jpg","width":2551,"height":3827},{"@type":"BreadcrumbList","@id":"https:\/\/gabrielroche.com\/psy\/?page_id=345#breadcrumb","itemListElement":[{"@type":"ListItem","position":1,"name":"Accueil","item":"https:\/\/gabrielroche.com\/psy\/"},{"@type":"ListItem","position":2,"name":"Th\u00e9rapie de l&rsquo;enfant"}]},{"@type":"WebSite","@id":"https:\/\/gabrielroche.com\/psy\/#website","url":"https:\/\/gabrielroche.com\/psy\/","name":"Gabriel Roche Analyse Psycho-Organique Paris 13","description":"Analyste, Th\u00e9rapie Psycho-Organique, PARIS 13","publisher":{"@id":"https:\/\/gabrielroche.com\/psy\/#\/schema\/person\/a902b0a2db1d1af67e0c34ee71f6e4f7"},"potentialAction":[{"@type":"SearchAction","target":{"@type":"EntryPoint","urlTemplate":"https:\/\/gabrielroche.com\/psy\/?s={search_term_string}"},"query-input":{"@type":"PropertyValueSpecification","valueRequired":true,"valueName":"search_term_string"}}],"inLanguage":"fr-FR"},{"@type":["Person","Organization"],"@id":"https:\/\/gabrielroche.com\/psy\/#\/schema\/person\/a902b0a2db1d1af67e0c34ee71f6e4f7","name":"gabrielroche","logo":{"@id":"https:\/\/gabrielroche.com\/psy\/#\/schema\/person\/image\/"}}]}},"_links":{"self":[{"href":"https:\/\/gabrielroche.com\/psy\/index.php?rest_route=\/wp\/v2\/pages\/345","targetHints":{"allow":["GET"]}}],"collection":[{"href":"https:\/\/gabrielroche.com\/psy\/index.php?rest_route=\/wp\/v2\/pages"}],"about":[{"href":"https:\/\/gabrielroche.com\/psy\/index.php?rest_route=\/wp\/v2\/types\/page"}],"author":[{"embeddable":true,"href":"https:\/\/gabrielroche.com\/psy\/index.php?rest_route=\/wp\/v2\/users\/1"}],"replies":[{"embeddable":true,"href":"https:\/\/gabrielroche.com\/psy\/index.php?rest_route=%2Fwp%2Fv2%2Fcomments&post=345"}],"version-history":[{"count":12,"href":"https:\/\/gabrielroche.com\/psy\/index.php?rest_route=\/wp\/v2\/pages\/345\/revisions"}],"predecessor-version":[{"id":459,"href":"https:\/\/gabrielroche.com\/psy\/index.php?rest_route=\/wp\/v2\/pages\/345\/revisions\/459"}],"wp:attachment":[{"href":"https:\/\/gabrielroche.com\/psy\/index.php?rest_route=%2Fwp%2Fv2%2Fmedia&parent=345"}],"curies":[{"name":"wp","href":"https:\/\/api.w.org\/{rel}","templated":true}]}}