{"id":349,"date":"2025-04-24T17:09:30","date_gmt":"2025-04-24T15:09:30","guid":{"rendered":"http:\/\/gabrielroche.com\/?page_id=349"},"modified":"2025-05-05T12:14:09","modified_gmt":"2025-05-05T10:14:09","slug":"therapie-de-ladolescent-2","status":"publish","type":"page","link":"https:\/\/gabrielroche.com\/psy\/?page_id=349","title":{"rendered":"Th\u00e9rapie de l&rsquo;adolescent"},"content":{"rendered":"\n<figure class=\"wp-block-image size-full\"><img loading=\"lazy\" decoding=\"async\" width=\"1800\" height=\"1800\" src=\"http:\/\/gabrielroche.com\/wp-content\/uploads\/2025\/04\/ado04121.jpg\" alt=\"\" class=\"wp-image-365\"\/><figcaption class=\"wp-element-caption\"><em>@ 2012 grtphotos <\/em><\/figcaption><\/figure>\n\n\n\n<p><strong>L&rsquo;adolescent.e est par d\u00e9finition un \u00e2ge en souffrance<\/strong>, dans la mesure o\u00f9 l\u2019adolescence signifie de profonds et de nombreux changements. Ceux-ci peuvent <strong>inqui\u00e9ter les adolescent.e.s et les parents<\/strong> : transformations physiques, psychologiques, \u00e9motionnelles, sexuelles\u2026 La capacit\u00e9 d\u2019adaptation est parfois mise \u00e0 rude \u00e9preuve. Comment alors faire face le plus sereinement possible \u00e0 ce <strong>passage \u00e0 l&rsquo;\u00e2ge adulte<\/strong> ?<\/p>\n\n\n\n<p><strong>La th\u00e9rapie de l&rsquo;adolescent.e traverse  et s&rsquo;ajuste<\/strong> de l&rsquo;\u00e2ge de la pubert\u00e9 \u00e0 l&rsquo;\u00e2ge de la premi\u00e8re sexualit\u00e9. Je distingue donc les besoins th\u00e9rapeutiques de l&rsquo;adolescent.e entre son jeune \u00e2ge et l&rsquo;\u00e2ge de sa majorit\u00e9 sexuelle (entr\u00e9e en lyc\u00e9e).<\/p>\n\n\n\n<p><strong>La place des parents est essentielle<\/strong> et se construit autour de la maturit\u00e9 de l&rsquo;adolescent.e.<\/p>\n\n\n\n<p>C&rsquo;est l&rsquo;\u00e2ge de <strong>la naissance de l&rsquo;individu<\/strong>, et comme une mue, son environnement sera d\u00e9cisif. Si celui-ci est ins\u00e9curisant, une fragilit\u00e9 peut se manifester et les d\u00e9fenses psychiques peuvent \u00eatre mises \u00e0 mal.<\/p>\n\n\n\n<p>Mon r\u00f4le sera donc de<strong> soutenir ce qui se joue au sein du psychisme de l&rsquo;adolescent<\/strong>.<strong>e<\/strong>, car c&rsquo;est la p\u00e9riode de sa vie o\u00f9 la rencontre de l&rsquo;alt\u00e9rit\u00e9 est en jeu. <\/p>\n","protected":false},"excerpt":{"rendered":"<p>L&rsquo;adolescent.e est par d\u00e9finition un \u00e2ge en souffrance, dans la mesure o\u00f9 l\u2019adolescence signifie de profonds et de nombreux changements. Ceux-ci peuvent inqui\u00e9ter les adolescent.e.s et les parents : transformations physiques, psychologiques, \u00e9motionnelles, sexuelles\u2026 La capacit\u00e9 d\u2019adaptation est parfois mise \u00e0 rude \u00e9preuve. Comment alors faire face le plus sereinement possible \u00e0 ce passage \u00e0 &hellip; <\/p>\n<p class=\"link-more\"><a href=\"https:\/\/gabrielroche.com\/psy\/?page_id=349\" class=\"more-link\">Continuer la lecture<span class=\"screen-reader-text\"> de &laquo;&nbsp;Th\u00e9rapie de l&rsquo;adolescent&nbsp;&raquo;<\/span><\/a><\/p>\n","protected":false},"author":1,"featured_media":0,"parent":0,"menu_order":0,"comment_status":"closed","ping_status":"closed","template":"","meta":{"footnotes":""},"class_list":["post-349","page","type-page","status-publish","hentry"],"yoast_head":"<!-- This site is optimized with the Yoast SEO plugin v24.9 - https:\/\/yoast.com\/wordpress\/plugins\/seo\/ -->\n<title>Th\u00e9rapie de l&#039;adolescent - Gabriel ROCHE<\/title>\n<meta name=\"robots\" content=\"index, follow, max-snippet:-1, max-image-preview:large, max-video-preview:-1\" \/>\n<link rel=\"canonical\" href=\"https:\/\/gabrielroche.com\/psy\/?page_id=349\" \/>\n<meta property=\"og:locale\" content=\"fr_FR\" \/>\n<meta property=\"og:type\" content=\"article\" \/>\n<meta property=\"og:title\" content=\"Th\u00e9rapie de l&#039;adolescent - Gabriel ROCHE\" \/>\n<meta property=\"og:description\" content=\"L&rsquo;adolescent.e est par d\u00e9finition un \u00e2ge en souffrance, dans la mesure o\u00f9 l\u2019adolescence signifie de profonds et de nombreux changements. Ceux-ci peuvent inqui\u00e9ter les adolescent.e.s et les parents : transformations physiques, psychologiques, \u00e9motionnelles, sexuelles\u2026 La capacit\u00e9 d\u2019adaptation est parfois mise \u00e0 rude \u00e9preuve. Comment alors faire face le plus sereinement possible \u00e0 ce passage \u00e0 &hellip; Continuer la lecture de &laquo;&nbsp;Th\u00e9rapie de l&rsquo;adolescent&nbsp;&raquo;\" \/>\n<meta property=\"og:url\" content=\"https:\/\/gabrielroche.com\/psy\/?page_id=349\" \/>\n<meta property=\"og:site_name\" content=\"Gabriel ROCHE\" \/>\n<meta property=\"article:modified_time\" content=\"2025-05-05T10:14:09+00:00\" \/>\n<meta property=\"og:image\" content=\"http:\/\/gabrielroche.com\/wp-content\/uploads\/2025\/04\/ado04121.jpg\" \/>\n<meta name=\"twitter:card\" content=\"summary_large_image\" \/>\n<meta name=\"twitter:label1\" content=\"Dur\u00e9e de lecture estim\u00e9e\" \/>\n\t<meta name=\"twitter:data1\" content=\"2 minutes\" \/>\n<script type=\"application\/ld+json\" class=\"yoast-schema-graph\">{\"@context\":\"https:\/\/schema.org\",\"@graph\":[{\"@type\":\"WebPage\",\"@id\":\"https:\/\/gabrielroche.com\/psy\/?page_id=349\",\"url\":\"https:\/\/gabrielroche.com\/psy\/?page_id=349\",\"name\":\"Th\u00e9rapie de l'adolescent - Gabriel ROCHE\",\"isPartOf\":{\"@id\":\"https:\/\/gabrielroche.com\/psy\/#website\"},\"primaryImageOfPage\":{\"@id\":\"https:\/\/gabrielroche.com\/psy\/?page_id=349#primaryimage\"},\"image\":{\"@id\":\"https:\/\/gabrielroche.com\/psy\/?page_id=349#primaryimage\"},\"thumbnailUrl\":\"http:\/\/gabrielroche.com\/wp-content\/uploads\/2025\/04\/ado04121.jpg\",\"datePublished\":\"2025-04-24T15:09:30+00:00\",\"dateModified\":\"2025-05-05T10:14:09+00:00\",\"breadcrumb\":{\"@id\":\"https:\/\/gabrielroche.com\/psy\/?page_id=349#breadcrumb\"},\"inLanguage\":\"fr-FR\",\"potentialAction\":[{\"@type\":\"ReadAction\",\"target\":[\"https:\/\/gabrielroche.com\/psy\/?page_id=349\"]}]},{\"@type\":\"ImageObject\",\"inLanguage\":\"fr-FR\",\"@id\":\"https:\/\/gabrielroche.com\/psy\/?page_id=349#primaryimage\",\"url\":\"http:\/\/gabrielroche.com\/wp-content\/uploads\/2025\/04\/ado04121.jpg\",\"contentUrl\":\"http:\/\/gabrielroche.com\/wp-content\/uploads\/2025\/04\/ado04121.jpg\"},{\"@type\":\"BreadcrumbList\",\"@id\":\"https:\/\/gabrielroche.com\/psy\/?page_id=349#breadcrumb\",\"itemListElement\":[{\"@type\":\"ListItem\",\"position\":1,\"name\":\"Accueil\",\"item\":\"https:\/\/gabrielroche.com\/psy\/\"},{\"@type\":\"ListItem\",\"position\":2,\"name\":\"Th\u00e9rapie de l&rsquo;adolescent\"}]},{\"@type\":\"WebSite\",\"@id\":\"https:\/\/gabrielroche.com\/psy\/#website\",\"url\":\"https:\/\/gabrielroche.com\/psy\/\",\"name\":\"Gabriel Roche Analyse Psycho-Organique Paris 13\",\"description\":\"Analyste, Th\u00e9rapie Psycho-Organique, PARIS 13\",\"publisher\":{\"@id\":\"https:\/\/gabrielroche.com\/psy\/#\/schema\/person\/a902b0a2db1d1af67e0c34ee71f6e4f7\"},\"potentialAction\":[{\"@type\":\"SearchAction\",\"target\":{\"@type\":\"EntryPoint\",\"urlTemplate\":\"https:\/\/gabrielroche.com\/psy\/?s={search_term_string}\"},\"query-input\":{\"@type\":\"PropertyValueSpecification\",\"valueRequired\":true,\"valueName\":\"search_term_string\"}}],\"inLanguage\":\"fr-FR\"},{\"@type\":[\"Person\",\"Organization\"],\"@id\":\"https:\/\/gabrielroche.com\/psy\/#\/schema\/person\/a902b0a2db1d1af67e0c34ee71f6e4f7\",\"name\":\"gabrielroche\",\"logo\":{\"@id\":\"https:\/\/gabrielroche.com\/psy\/#\/schema\/person\/image\/\"}}]}<\/script>\n<!-- \/ Yoast SEO plugin. -->","yoast_head_json":{"title":"Th\u00e9rapie de l'adolescent - Gabriel ROCHE","robots":{"index":"index","follow":"follow","max-snippet":"max-snippet:-1","max-image-preview":"max-image-preview:large","max-video-preview":"max-video-preview:-1"},"canonical":"https:\/\/gabrielroche.com\/psy\/?page_id=349","og_locale":"fr_FR","og_type":"article","og_title":"Th\u00e9rapie de l'adolescent - Gabriel ROCHE","og_description":"L&rsquo;adolescent.e est par d\u00e9finition un \u00e2ge en souffrance, dans la mesure o\u00f9 l\u2019adolescence signifie de profonds et de nombreux changements. Ceux-ci peuvent inqui\u00e9ter les adolescent.e.s et les parents : transformations physiques, psychologiques, \u00e9motionnelles, sexuelles\u2026 La capacit\u00e9 d\u2019adaptation est parfois mise \u00e0 rude \u00e9preuve. Comment alors faire face le plus sereinement possible \u00e0 ce passage \u00e0 &hellip; Continuer la lecture de &laquo;&nbsp;Th\u00e9rapie de l&rsquo;adolescent&nbsp;&raquo;","og_url":"https:\/\/gabrielroche.com\/psy\/?page_id=349","og_site_name":"Gabriel ROCHE","article_modified_time":"2025-05-05T10:14:09+00:00","og_image":[{"url":"http:\/\/gabrielroche.com\/wp-content\/uploads\/2025\/04\/ado04121.jpg","type":"","width":"","height":""}],"twitter_card":"summary_large_image","twitter_misc":{"Dur\u00e9e de lecture estim\u00e9e":"2 minutes"},"schema":{"@context":"https:\/\/schema.org","@graph":[{"@type":"WebPage","@id":"https:\/\/gabrielroche.com\/psy\/?page_id=349","url":"https:\/\/gabrielroche.com\/psy\/?page_id=349","name":"Th\u00e9rapie de l'adolescent - Gabriel ROCHE","isPartOf":{"@id":"https:\/\/gabrielroche.com\/psy\/#website"},"primaryImageOfPage":{"@id":"https:\/\/gabrielroche.com\/psy\/?page_id=349#primaryimage"},"image":{"@id":"https:\/\/gabrielroche.com\/psy\/?page_id=349#primaryimage"},"thumbnailUrl":"http:\/\/gabrielroche.com\/wp-content\/uploads\/2025\/04\/ado04121.jpg","datePublished":"2025-04-24T15:09:30+00:00","dateModified":"2025-05-05T10:14:09+00:00","breadcrumb":{"@id":"https:\/\/gabrielroche.com\/psy\/?page_id=349#breadcrumb"},"inLanguage":"fr-FR","potentialAction":[{"@type":"ReadAction","target":["https:\/\/gabrielroche.com\/psy\/?page_id=349"]}]},{"@type":"ImageObject","inLanguage":"fr-FR","@id":"https:\/\/gabrielroche.com\/psy\/?page_id=349#primaryimage","url":"http:\/\/gabrielroche.com\/wp-content\/uploads\/2025\/04\/ado04121.jpg","contentUrl":"http:\/\/gabrielroche.com\/wp-content\/uploads\/2025\/04\/ado04121.jpg"},{"@type":"BreadcrumbList","@id":"https:\/\/gabrielroche.com\/psy\/?page_id=349#breadcrumb","itemListElement":[{"@type":"ListItem","position":1,"name":"Accueil","item":"https:\/\/gabrielroche.com\/psy\/"},{"@type":"ListItem","position":2,"name":"Th\u00e9rapie de l&rsquo;adolescent"}]},{"@type":"WebSite","@id":"https:\/\/gabrielroche.com\/psy\/#website","url":"https:\/\/gabrielroche.com\/psy\/","name":"Gabriel Roche Analyse Psycho-Organique Paris 13","description":"Analyste, Th\u00e9rapie Psycho-Organique, PARIS 13","publisher":{"@id":"https:\/\/gabrielroche.com\/psy\/#\/schema\/person\/a902b0a2db1d1af67e0c34ee71f6e4f7"},"potentialAction":[{"@type":"SearchAction","target":{"@type":"EntryPoint","urlTemplate":"https:\/\/gabrielroche.com\/psy\/?s={search_term_string}"},"query-input":{"@type":"PropertyValueSpecification","valueRequired":true,"valueName":"search_term_string"}}],"inLanguage":"fr-FR"},{"@type":["Person","Organization"],"@id":"https:\/\/gabrielroche.com\/psy\/#\/schema\/person\/a902b0a2db1d1af67e0c34ee71f6e4f7","name":"gabrielroche","logo":{"@id":"https:\/\/gabrielroche.com\/psy\/#\/schema\/person\/image\/"}}]}},"_links":{"self":[{"href":"https:\/\/gabrielroche.com\/psy\/index.php?rest_route=\/wp\/v2\/pages\/349","targetHints":{"allow":["GET"]}}],"collection":[{"href":"https:\/\/gabrielroche.com\/psy\/index.php?rest_route=\/wp\/v2\/pages"}],"about":[{"href":"https:\/\/gabrielroche.com\/psy\/index.php?rest_route=\/wp\/v2\/types\/page"}],"author":[{"embeddable":true,"href":"https:\/\/gabrielroche.com\/psy\/index.php?rest_route=\/wp\/v2\/users\/1"}],"replies":[{"embeddable":true,"href":"https:\/\/gabrielroche.com\/psy\/index.php?rest_route=%2Fwp%2Fv2%2Fcomments&post=349"}],"version-history":[{"count":7,"href":"https:\/\/gabrielroche.com\/psy\/index.php?rest_route=\/wp\/v2\/pages\/349\/revisions"}],"predecessor-version":[{"id":421,"href":"https:\/\/gabrielroche.com\/psy\/index.php?rest_route=\/wp\/v2\/pages\/349\/revisions\/421"}],"wp:attachment":[{"href":"https:\/\/gabrielroche.com\/psy\/index.php?rest_route=%2Fwp%2Fv2%2Fmedia&parent=349"}],"curies":[{"name":"wp","href":"https:\/\/api.w.org\/{rel}","templated":true}]}}