{"id":352,"date":"2025-04-24T17:10:04","date_gmt":"2025-04-24T15:10:04","guid":{"rendered":"http:\/\/gabrielroche.com\/?page_id=352"},"modified":"2026-03-16T16:09:21","modified_gmt":"2026-03-16T15:09:21","slug":"therapie-de-ladulte","status":"publish","type":"page","link":"https:\/\/gabrielroche.com\/psy\/?page_id=352","title":{"rendered":"Th\u00e9rapie de l&rsquo;adulte"},"content":{"rendered":"\n<figure class=\"wp-block-gallery has-nested-images columns-default is-cropped wp-block-gallery-1 is-layout-flex wp-block-gallery-is-layout-flex\"><div class=\"wp-block-image\">\n<figure class=\"aligncenter size-full\"><img loading=\"lazy\" decoding=\"async\" width=\"800\" height=\"582\" data-id=\"373\" src=\"http:\/\/gabrielroche.com\/psy\/wp-content\/uploads\/2025\/04\/Oscar-Le-reve.jpg\" alt=\"\" class=\"wp-image-373\"\/><figcaption class=\"wp-element-caption\">Oscar RejlanderLe r\u00eave d\u2019un c\u00e9libataire, v. 1860<\/figcaption><\/figure>\n<\/div><\/figure>\n\n\n\n<p>La psychoth\u00e9rapie est <strong>un espace pour soi <\/strong>o\u00f9 l\u2019on peut exprimer ses difficult\u00e9s <strong>sans peur ni jugement.<\/strong><\/p>\n\n\n\n<p>J&rsquo;accueille dans <strong>votre \u00eatre dans son enti\u00e8ret\u00e9, <\/strong> afin que vous renouiez progressivement avec vos envies, vos d\u00e9sirs et que vous vous d\u00e9tachiez de croyances limitantes ou de sch\u00e9mas r\u00e9p\u00e9titifs. <\/p>\n\n\n\n<ul class=\"wp-block-list\">\n<li>Probl\u00e8mes au travail, stress<strong> <\/strong>manag\u00e9rial, licenciement, harc\u00e8lement <\/li>\n\n\n\n<li>Probl\u00e8mes de couple, s\u00e9paration, divorce, infid\u00e9lit\u00e9, polyamours<\/li>\n\n\n\n<li>Sympt\u00f4mes psychosomatiques<\/li>\n\n\n\n<li>Sentiment d\u2019\u00e9chec ou d\u2019insatisfaction<\/li>\n\n\n\n<li>Troubles du sommeil, insomnie<\/li>\n\n\n\n<li>D\u00e9pression, burn-out<\/li>\n\n\n\n<li>Deuil<\/li>\n\n\n\n<li>Peurs, angoisse, anxi\u00e9t\u00e9, tristesse<\/li>\n<\/ul>\n\n\n\n<p>La psychoth\u00e9rapie est une main tendue qui vous aide \u00e0 <strong>surmonter vos difficult\u00e9s<\/strong>, c\u2019est aussi une mani\u00e8re de vous rencontrer, de vous accorder du temps et de <strong>d\u00e9couvrir vos potentiels et vos ressources<\/strong> souvent inexplor\u00e9s.<\/p>\n","protected":false},"excerpt":{"rendered":"<p>La psychoth\u00e9rapie est un espace pour soi o\u00f9 l\u2019on peut exprimer ses difficult\u00e9s sans peur ni jugement. J&rsquo;accueille dans votre \u00eatre dans son enti\u00e8ret\u00e9, afin que vous renouiez progressivement avec vos envies, vos d\u00e9sirs et que vous vous d\u00e9tachiez de croyances limitantes ou de sch\u00e9mas r\u00e9p\u00e9titifs. La psychoth\u00e9rapie est une main tendue qui vous aide &hellip; <\/p>\n<p class=\"link-more\"><a href=\"https:\/\/gabrielroche.com\/psy\/?page_id=352\" class=\"more-link\">Continuer la lecture<span class=\"screen-reader-text\"> de &laquo;&nbsp;Th\u00e9rapie de l&rsquo;adulte&nbsp;&raquo;<\/span><\/a><\/p>\n","protected":false},"author":1,"featured_media":0,"parent":0,"menu_order":0,"comment_status":"closed","ping_status":"closed","template":"","meta":{"footnotes":""},"class_list":["post-352","page","type-page","status-publish","hentry"],"yoast_head":"<!-- This site is optimized with the Yoast SEO plugin v24.9 - https:\/\/yoast.com\/wordpress\/plugins\/seo\/ -->\n<title>Th\u00e9rapie de l&#039;adulte - Gabriel ROCHE<\/title>\n<meta name=\"robots\" content=\"index, follow, max-snippet:-1, max-image-preview:large, max-video-preview:-1\" \/>\n<link rel=\"canonical\" href=\"https:\/\/gabrielroche.com\/psy\/?page_id=352\" \/>\n<meta property=\"og:locale\" content=\"fr_FR\" \/>\n<meta property=\"og:type\" content=\"article\" \/>\n<meta property=\"og:title\" content=\"Th\u00e9rapie de l&#039;adulte - Gabriel ROCHE\" \/>\n<meta property=\"og:description\" content=\"La psychoth\u00e9rapie est un espace pour soi o\u00f9 l\u2019on peut exprimer ses difficult\u00e9s sans peur ni jugement. J&rsquo;accueille dans votre \u00eatre dans son enti\u00e8ret\u00e9, afin que vous renouiez progressivement avec vos envies, vos d\u00e9sirs et que vous vous d\u00e9tachiez de croyances limitantes ou de sch\u00e9mas r\u00e9p\u00e9titifs. La psychoth\u00e9rapie est une main tendue qui vous aide &hellip; Continuer la lecture de &laquo;&nbsp;Th\u00e9rapie de l&rsquo;adulte&nbsp;&raquo;\" \/>\n<meta property=\"og:url\" content=\"https:\/\/gabrielroche.com\/psy\/?page_id=352\" \/>\n<meta property=\"og:site_name\" content=\"Gabriel ROCHE\" \/>\n<meta property=\"article:modified_time\" content=\"2026-03-16T15:09:21+00:00\" \/>\n<meta property=\"og:image\" content=\"http:\/\/gabrielroche.com\/psy\/wp-content\/uploads\/2025\/04\/Oscar-Le-reve.jpg\" \/>\n<meta name=\"twitter:card\" content=\"summary_large_image\" \/>\n<meta name=\"twitter:label1\" content=\"Dur\u00e9e de lecture estim\u00e9e\" \/>\n\t<meta name=\"twitter:data1\" content=\"1 minute\" \/>\n<script type=\"application\/ld+json\" class=\"yoast-schema-graph\">{\"@context\":\"https:\/\/schema.org\",\"@graph\":[{\"@type\":\"WebPage\",\"@id\":\"https:\/\/gabrielroche.com\/psy\/?page_id=352\",\"url\":\"https:\/\/gabrielroche.com\/psy\/?page_id=352\",\"name\":\"Th\u00e9rapie de l'adulte - Gabriel ROCHE\",\"isPartOf\":{\"@id\":\"https:\/\/gabrielroche.com\/psy\/#website\"},\"primaryImageOfPage\":{\"@id\":\"https:\/\/gabrielroche.com\/psy\/?page_id=352#primaryimage\"},\"image\":{\"@id\":\"https:\/\/gabrielroche.com\/psy\/?page_id=352#primaryimage\"},\"thumbnailUrl\":\"http:\/\/gabrielroche.com\/psy\/wp-content\/uploads\/2025\/04\/Oscar-Le-reve.jpg\",\"datePublished\":\"2025-04-24T15:10:04+00:00\",\"dateModified\":\"2026-03-16T15:09:21+00:00\",\"breadcrumb\":{\"@id\":\"https:\/\/gabrielroche.com\/psy\/?page_id=352#breadcrumb\"},\"inLanguage\":\"fr-FR\",\"potentialAction\":[{\"@type\":\"ReadAction\",\"target\":[\"https:\/\/gabrielroche.com\/psy\/?page_id=352\"]}]},{\"@type\":\"ImageObject\",\"inLanguage\":\"fr-FR\",\"@id\":\"https:\/\/gabrielroche.com\/psy\/?page_id=352#primaryimage\",\"url\":\"https:\/\/gabrielroche.com\/psy\/wp-content\/uploads\/2025\/04\/Oscar-Le-reve.jpg\",\"contentUrl\":\"https:\/\/gabrielroche.com\/psy\/wp-content\/uploads\/2025\/04\/Oscar-Le-reve.jpg\",\"width\":800,\"height\":582},{\"@type\":\"BreadcrumbList\",\"@id\":\"https:\/\/gabrielroche.com\/psy\/?page_id=352#breadcrumb\",\"itemListElement\":[{\"@type\":\"ListItem\",\"position\":1,\"name\":\"Accueil\",\"item\":\"https:\/\/gabrielroche.com\/psy\/\"},{\"@type\":\"ListItem\",\"position\":2,\"name\":\"Th\u00e9rapie de l&rsquo;adulte\"}]},{\"@type\":\"WebSite\",\"@id\":\"https:\/\/gabrielroche.com\/psy\/#website\",\"url\":\"https:\/\/gabrielroche.com\/psy\/\",\"name\":\"Gabriel Roche Analyse Psycho-Organique Paris 13\",\"description\":\"Analyste, Th\u00e9rapie Psycho-Organique, PARIS 13\",\"publisher\":{\"@id\":\"https:\/\/gabrielroche.com\/psy\/#\/schema\/person\/a902b0a2db1d1af67e0c34ee71f6e4f7\"},\"potentialAction\":[{\"@type\":\"SearchAction\",\"target\":{\"@type\":\"EntryPoint\",\"urlTemplate\":\"https:\/\/gabrielroche.com\/psy\/?s={search_term_string}\"},\"query-input\":{\"@type\":\"PropertyValueSpecification\",\"valueRequired\":true,\"valueName\":\"search_term_string\"}}],\"inLanguage\":\"fr-FR\"},{\"@type\":[\"Person\",\"Organization\"],\"@id\":\"https:\/\/gabrielroche.com\/psy\/#\/schema\/person\/a902b0a2db1d1af67e0c34ee71f6e4f7\",\"name\":\"gabrielroche\",\"logo\":{\"@id\":\"https:\/\/gabrielroche.com\/psy\/#\/schema\/person\/image\/\"}}]}<\/script>\n<!-- \/ Yoast SEO plugin. -->","yoast_head_json":{"title":"Th\u00e9rapie de l'adulte - Gabriel ROCHE","robots":{"index":"index","follow":"follow","max-snippet":"max-snippet:-1","max-image-preview":"max-image-preview:large","max-video-preview":"max-video-preview:-1"},"canonical":"https:\/\/gabrielroche.com\/psy\/?page_id=352","og_locale":"fr_FR","og_type":"article","og_title":"Th\u00e9rapie de l'adulte - Gabriel ROCHE","og_description":"La psychoth\u00e9rapie est un espace pour soi o\u00f9 l\u2019on peut exprimer ses difficult\u00e9s sans peur ni jugement. J&rsquo;accueille dans votre \u00eatre dans son enti\u00e8ret\u00e9, afin que vous renouiez progressivement avec vos envies, vos d\u00e9sirs et que vous vous d\u00e9tachiez de croyances limitantes ou de sch\u00e9mas r\u00e9p\u00e9titifs. La psychoth\u00e9rapie est une main tendue qui vous aide &hellip; Continuer la lecture de &laquo;&nbsp;Th\u00e9rapie de l&rsquo;adulte&nbsp;&raquo;","og_url":"https:\/\/gabrielroche.com\/psy\/?page_id=352","og_site_name":"Gabriel ROCHE","article_modified_time":"2026-03-16T15:09:21+00:00","og_image":[{"url":"http:\/\/gabrielroche.com\/psy\/wp-content\/uploads\/2025\/04\/Oscar-Le-reve.jpg","type":"","width":"","height":""}],"twitter_card":"summary_large_image","twitter_misc":{"Dur\u00e9e de lecture estim\u00e9e":"1 minute"},"schema":{"@context":"https:\/\/schema.org","@graph":[{"@type":"WebPage","@id":"https:\/\/gabrielroche.com\/psy\/?page_id=352","url":"https:\/\/gabrielroche.com\/psy\/?page_id=352","name":"Th\u00e9rapie de l'adulte - Gabriel ROCHE","isPartOf":{"@id":"https:\/\/gabrielroche.com\/psy\/#website"},"primaryImageOfPage":{"@id":"https:\/\/gabrielroche.com\/psy\/?page_id=352#primaryimage"},"image":{"@id":"https:\/\/gabrielroche.com\/psy\/?page_id=352#primaryimage"},"thumbnailUrl":"http:\/\/gabrielroche.com\/psy\/wp-content\/uploads\/2025\/04\/Oscar-Le-reve.jpg","datePublished":"2025-04-24T15:10:04+00:00","dateModified":"2026-03-16T15:09:21+00:00","breadcrumb":{"@id":"https:\/\/gabrielroche.com\/psy\/?page_id=352#breadcrumb"},"inLanguage":"fr-FR","potentialAction":[{"@type":"ReadAction","target":["https:\/\/gabrielroche.com\/psy\/?page_id=352"]}]},{"@type":"ImageObject","inLanguage":"fr-FR","@id":"https:\/\/gabrielroche.com\/psy\/?page_id=352#primaryimage","url":"https:\/\/gabrielroche.com\/psy\/wp-content\/uploads\/2025\/04\/Oscar-Le-reve.jpg","contentUrl":"https:\/\/gabrielroche.com\/psy\/wp-content\/uploads\/2025\/04\/Oscar-Le-reve.jpg","width":800,"height":582},{"@type":"BreadcrumbList","@id":"https:\/\/gabrielroche.com\/psy\/?page_id=352#breadcrumb","itemListElement":[{"@type":"ListItem","position":1,"name":"Accueil","item":"https:\/\/gabrielroche.com\/psy\/"},{"@type":"ListItem","position":2,"name":"Th\u00e9rapie de l&rsquo;adulte"}]},{"@type":"WebSite","@id":"https:\/\/gabrielroche.com\/psy\/#website","url":"https:\/\/gabrielroche.com\/psy\/","name":"Gabriel Roche Analyse Psycho-Organique Paris 13","description":"Analyste, Th\u00e9rapie Psycho-Organique, PARIS 13","publisher":{"@id":"https:\/\/gabrielroche.com\/psy\/#\/schema\/person\/a902b0a2db1d1af67e0c34ee71f6e4f7"},"potentialAction":[{"@type":"SearchAction","target":{"@type":"EntryPoint","urlTemplate":"https:\/\/gabrielroche.com\/psy\/?s={search_term_string}"},"query-input":{"@type":"PropertyValueSpecification","valueRequired":true,"valueName":"search_term_string"}}],"inLanguage":"fr-FR"},{"@type":["Person","Organization"],"@id":"https:\/\/gabrielroche.com\/psy\/#\/schema\/person\/a902b0a2db1d1af67e0c34ee71f6e4f7","name":"gabrielroche","logo":{"@id":"https:\/\/gabrielroche.com\/psy\/#\/schema\/person\/image\/"}}]}},"_links":{"self":[{"href":"https:\/\/gabrielroche.com\/psy\/index.php?rest_route=\/wp\/v2\/pages\/352","targetHints":{"allow":["GET"]}}],"collection":[{"href":"https:\/\/gabrielroche.com\/psy\/index.php?rest_route=\/wp\/v2\/pages"}],"about":[{"href":"https:\/\/gabrielroche.com\/psy\/index.php?rest_route=\/wp\/v2\/types\/page"}],"author":[{"embeddable":true,"href":"https:\/\/gabrielroche.com\/psy\/index.php?rest_route=\/wp\/v2\/users\/1"}],"replies":[{"embeddable":true,"href":"https:\/\/gabrielroche.com\/psy\/index.php?rest_route=%2Fwp%2Fv2%2Fcomments&post=352"}],"version-history":[{"count":12,"href":"https:\/\/gabrielroche.com\/psy\/index.php?rest_route=\/wp\/v2\/pages\/352\/revisions"}],"predecessor-version":[{"id":461,"href":"https:\/\/gabrielroche.com\/psy\/index.php?rest_route=\/wp\/v2\/pages\/352\/revisions\/461"}],"wp:attachment":[{"href":"https:\/\/gabrielroche.com\/psy\/index.php?rest_route=%2Fwp%2Fv2%2Fmedia&parent=352"}],"curies":[{"name":"wp","href":"https:\/\/api.w.org\/{rel}","templated":true}]}}