{"id":56,"date":"2018-11-27T15:49:31","date_gmt":"2018-11-27T14:49:31","guid":{"rendered":"http:\/\/psyparis19.fr\/?page_id=56"},"modified":"2025-05-05T13:16:21","modified_gmt":"2025-05-05T11:16:21","slug":"therapie-de-couple","status":"publish","type":"page","link":"https:\/\/gabrielroche.com\/psy\/?page_id=56","title":{"rendered":"Th\u00e9rapie de couple"},"content":{"rendered":"\n<figure class=\"wp-block-image size-large\"><img loading=\"lazy\" decoding=\"async\" width=\"1024\" height=\"1022\" src=\"http:\/\/gabrielroche.com\/wp-content\/uploads\/2022\/04\/Florence-Chevaliier-1024x1022.jpg\" alt=\"\" class=\"wp-image-168\" srcset=\"https:\/\/gabrielroche.com\/psy\/wp-content\/uploads\/2022\/04\/Florence-Chevaliier-1024x1022.jpg 1024w, https:\/\/gabrielroche.com\/psy\/wp-content\/uploads\/2022\/04\/Florence-Chevaliier-300x300.jpg 300w, https:\/\/gabrielroche.com\/psy\/wp-content\/uploads\/2022\/04\/Florence-Chevaliier-150x150.jpg 150w, https:\/\/gabrielroche.com\/psy\/wp-content\/uploads\/2022\/04\/Florence-Chevaliier-768x767.jpg 768w, https:\/\/gabrielroche.com\/psy\/wp-content\/uploads\/2022\/04\/Florence-Chevaliier-1536x1534.jpg 1536w, https:\/\/gabrielroche.com\/psy\/wp-content\/uploads\/2022\/04\/Florence-Chevaliier-100x100.jpg 100w, https:\/\/gabrielroche.com\/psy\/wp-content\/uploads\/2022\/04\/Florence-Chevaliier.jpg 1920w\" sizes=\"auto, (max-width: 767px) 89vw, (max-width: 1000px) 54vw, (max-width: 1071px) 543px, 580px\" \/><figcaption class=\"wp-element-caption\">\u00a9 Florence Chevallier, s\u00e9rie <em>Le Bonheur<\/em>, 1991-93.<\/figcaption><\/figure>\n\n\n\n<p>Bienvenus \u00e0 vous deux.<\/p>\n\n\n\n<p>Le couple est une relation vivante, fluctuante, toujours \u00e0 la recherche d&rsquo;un \u00e9quilibre qui lui permet de pr\u00e9server une intimit\u00e9 protectrice, de faire soci\u00e9t\u00e9 avec sa propre identit\u00e9, ses codes et ses rituels.<\/p>\n\n\n\n<p>Si vous parcourez cette page, cela indique que votre couple vit des moments difficiles, que quelque chose ne se traverse pas. La th\u00e9rapie peut vous permettre de remettre du mouvement, de la vie pour sortir de ce qui vous enferme dans des sc\u00e9narios r\u00e9p\u00e9titifs et \u00e9puisants.\u00a0<\/p>\n\n\n\n<p>La th\u00e9rapie de couple n&rsquo;est pas un couple de th\u00e9rapies, car un couple est plus que la somme des individus qui le composent. Cela questionne les intimit\u00e9s (celle des deux individus qui font couple et celle du couple, des couples.<\/p>\n\n\n\n<p><\/p>\n\n\n\n<p>Selon Jacques Salom\u00e9, \u00a0\u00bb Vivre en couple dans la dur\u00e9e, c&rsquo;est apprendre \u00e0 cr\u00e9er et \u00e0 vivre une intimit\u00e9 personnelle &#8211; reconnue par l&rsquo;autre &#8211; et une intimit\u00e9 commune &#8211; respect\u00e9e par chacun.\u00a0\u00bb<\/p>\n\n\n\n<p>Une s\u00e9ance de th\u00e9rapie de couple dure 1h30. Je demande \u00e0 ce que chacun de vous s&rsquo;adresse \u00e0 moi, afin que je puisse entendre vos deux demandes. Nous fixerons alors un rendez-vous.<\/p>\n\n\n\n<p><\/p>\n","protected":false},"excerpt":{"rendered":"<p>Bienvenus \u00e0 vous deux. Le couple est une relation vivante, fluctuante, toujours \u00e0 la recherche d&rsquo;un \u00e9quilibre qui lui permet de pr\u00e9server une intimit\u00e9 protectrice, de faire soci\u00e9t\u00e9 avec sa propre identit\u00e9, ses codes et ses rituels. Si vous parcourez cette page, cela indique que votre couple vit des moments difficiles, que quelque chose ne &hellip; <\/p>\n<p class=\"link-more\"><a href=\"https:\/\/gabrielroche.com\/psy\/?page_id=56\" class=\"more-link\">Continuer la lecture<span class=\"screen-reader-text\"> de &laquo;&nbsp;Th\u00e9rapie de couple&nbsp;&raquo;<\/span><\/a><\/p>\n","protected":false},"author":1,"featured_media":0,"parent":0,"menu_order":0,"comment_status":"closed","ping_status":"closed","template":"","meta":{"footnotes":""},"class_list":["post-56","page","type-page","status-publish","hentry"],"yoast_head":"<!-- This site is optimized with the Yoast SEO plugin v24.9 - https:\/\/yoast.com\/wordpress\/plugins\/seo\/ -->\n<title>Th\u00e9rapie de couple - Gabriel ROCHE<\/title>\n<meta name=\"description\" content=\"th\u00e9rapie couple crise psy paris belleville psychanlyse psychotherapie famille stress depression anxiete violence\" \/>\n<meta name=\"robots\" content=\"index, follow, max-snippet:-1, max-image-preview:large, max-video-preview:-1\" \/>\n<link rel=\"canonical\" href=\"https:\/\/gabrielroche.com\/psy\/?page_id=56\" \/>\n<meta property=\"og:locale\" content=\"fr_FR\" \/>\n<meta property=\"og:type\" content=\"article\" \/>\n<meta property=\"og:title\" content=\"Th\u00e9rapie de couple - Gabriel ROCHE\" \/>\n<meta property=\"og:description\" content=\"th\u00e9rapie couple crise psy paris belleville psychanlyse psychotherapie famille stress depression anxiete violence\" \/>\n<meta property=\"og:url\" content=\"https:\/\/gabrielroche.com\/psy\/?page_id=56\" \/>\n<meta property=\"og:site_name\" content=\"Gabriel ROCHE\" \/>\n<meta property=\"article:modified_time\" content=\"2025-05-05T11:16:21+00:00\" \/>\n<meta property=\"og:image\" content=\"http:\/\/gabrielroche.com\/wp-content\/uploads\/2022\/04\/Florence-Chevaliier-1024x1022.jpg\" \/>\n<meta name=\"twitter:card\" content=\"summary_large_image\" \/>\n<meta name=\"twitter:label1\" content=\"Dur\u00e9e de lecture estim\u00e9e\" \/>\n\t<meta name=\"twitter:data1\" content=\"2 minutes\" \/>\n<script type=\"application\/ld+json\" class=\"yoast-schema-graph\">{\"@context\":\"https:\/\/schema.org\",\"@graph\":[{\"@type\":\"WebPage\",\"@id\":\"https:\/\/gabrielroche.com\/psy\/?page_id=56\",\"url\":\"https:\/\/gabrielroche.com\/psy\/?page_id=56\",\"name\":\"Th\u00e9rapie de couple - Gabriel ROCHE\",\"isPartOf\":{\"@id\":\"https:\/\/gabrielroche.com\/psy\/#website\"},\"primaryImageOfPage\":{\"@id\":\"https:\/\/gabrielroche.com\/psy\/?page_id=56#primaryimage\"},\"image\":{\"@id\":\"https:\/\/gabrielroche.com\/psy\/?page_id=56#primaryimage\"},\"thumbnailUrl\":\"http:\/\/gabrielroche.com\/wp-content\/uploads\/2022\/04\/Florence-Chevaliier-1024x1022.jpg\",\"datePublished\":\"2018-11-27T14:49:31+00:00\",\"dateModified\":\"2025-05-05T11:16:21+00:00\",\"description\":\"th\u00e9rapie couple crise psy paris belleville psychanlyse psychotherapie famille stress depression anxiete violence\",\"breadcrumb\":{\"@id\":\"https:\/\/gabrielroche.com\/psy\/?page_id=56#breadcrumb\"},\"inLanguage\":\"fr-FR\",\"potentialAction\":[{\"@type\":\"ReadAction\",\"target\":[\"https:\/\/gabrielroche.com\/psy\/?page_id=56\"]}]},{\"@type\":\"ImageObject\",\"inLanguage\":\"fr-FR\",\"@id\":\"https:\/\/gabrielroche.com\/psy\/?page_id=56#primaryimage\",\"url\":\"http:\/\/gabrielroche.com\/wp-content\/uploads\/2022\/04\/Florence-Chevaliier-1024x1022.jpg\",\"contentUrl\":\"http:\/\/gabrielroche.com\/wp-content\/uploads\/2022\/04\/Florence-Chevaliier-1024x1022.jpg\"},{\"@type\":\"BreadcrumbList\",\"@id\":\"https:\/\/gabrielroche.com\/psy\/?page_id=56#breadcrumb\",\"itemListElement\":[{\"@type\":\"ListItem\",\"position\":1,\"name\":\"Accueil\",\"item\":\"https:\/\/gabrielroche.com\/psy\/\"},{\"@type\":\"ListItem\",\"position\":2,\"name\":\"Th\u00e9rapie de couple\"}]},{\"@type\":\"WebSite\",\"@id\":\"https:\/\/gabrielroche.com\/psy\/#website\",\"url\":\"https:\/\/gabrielroche.com\/psy\/\",\"name\":\"Gabriel Roche Analyse Psycho-Organique Paris 13\",\"description\":\"Analyste, Th\u00e9rapie Psycho-Organique, PARIS 13\",\"publisher\":{\"@id\":\"https:\/\/gabrielroche.com\/psy\/#\/schema\/person\/a902b0a2db1d1af67e0c34ee71f6e4f7\"},\"potentialAction\":[{\"@type\":\"SearchAction\",\"target\":{\"@type\":\"EntryPoint\",\"urlTemplate\":\"https:\/\/gabrielroche.com\/psy\/?s={search_term_string}\"},\"query-input\":{\"@type\":\"PropertyValueSpecification\",\"valueRequired\":true,\"valueName\":\"search_term_string\"}}],\"inLanguage\":\"fr-FR\"},{\"@type\":[\"Person\",\"Organization\"],\"@id\":\"https:\/\/gabrielroche.com\/psy\/#\/schema\/person\/a902b0a2db1d1af67e0c34ee71f6e4f7\",\"name\":\"gabrielroche\",\"logo\":{\"@id\":\"https:\/\/gabrielroche.com\/psy\/#\/schema\/person\/image\/\"}}]}<\/script>\n<!-- \/ Yoast SEO plugin. -->","yoast_head_json":{"title":"Th\u00e9rapie de couple - Gabriel ROCHE","description":"th\u00e9rapie couple crise psy paris belleville psychanlyse psychotherapie famille stress depression anxiete violence","robots":{"index":"index","follow":"follow","max-snippet":"max-snippet:-1","max-image-preview":"max-image-preview:large","max-video-preview":"max-video-preview:-1"},"canonical":"https:\/\/gabrielroche.com\/psy\/?page_id=56","og_locale":"fr_FR","og_type":"article","og_title":"Th\u00e9rapie de couple - Gabriel ROCHE","og_description":"th\u00e9rapie couple crise psy paris belleville psychanlyse psychotherapie famille stress depression anxiete violence","og_url":"https:\/\/gabrielroche.com\/psy\/?page_id=56","og_site_name":"Gabriel ROCHE","article_modified_time":"2025-05-05T11:16:21+00:00","og_image":[{"url":"http:\/\/gabrielroche.com\/wp-content\/uploads\/2022\/04\/Florence-Chevaliier-1024x1022.jpg","type":"","width":"","height":""}],"twitter_card":"summary_large_image","twitter_misc":{"Dur\u00e9e de lecture estim\u00e9e":"2 minutes"},"schema":{"@context":"https:\/\/schema.org","@graph":[{"@type":"WebPage","@id":"https:\/\/gabrielroche.com\/psy\/?page_id=56","url":"https:\/\/gabrielroche.com\/psy\/?page_id=56","name":"Th\u00e9rapie de couple - Gabriel ROCHE","isPartOf":{"@id":"https:\/\/gabrielroche.com\/psy\/#website"},"primaryImageOfPage":{"@id":"https:\/\/gabrielroche.com\/psy\/?page_id=56#primaryimage"},"image":{"@id":"https:\/\/gabrielroche.com\/psy\/?page_id=56#primaryimage"},"thumbnailUrl":"http:\/\/gabrielroche.com\/wp-content\/uploads\/2022\/04\/Florence-Chevaliier-1024x1022.jpg","datePublished":"2018-11-27T14:49:31+00:00","dateModified":"2025-05-05T11:16:21+00:00","description":"th\u00e9rapie couple crise psy paris belleville psychanlyse psychotherapie famille stress depression anxiete violence","breadcrumb":{"@id":"https:\/\/gabrielroche.com\/psy\/?page_id=56#breadcrumb"},"inLanguage":"fr-FR","potentialAction":[{"@type":"ReadAction","target":["https:\/\/gabrielroche.com\/psy\/?page_id=56"]}]},{"@type":"ImageObject","inLanguage":"fr-FR","@id":"https:\/\/gabrielroche.com\/psy\/?page_id=56#primaryimage","url":"http:\/\/gabrielroche.com\/wp-content\/uploads\/2022\/04\/Florence-Chevaliier-1024x1022.jpg","contentUrl":"http:\/\/gabrielroche.com\/wp-content\/uploads\/2022\/04\/Florence-Chevaliier-1024x1022.jpg"},{"@type":"BreadcrumbList","@id":"https:\/\/gabrielroche.com\/psy\/?page_id=56#breadcrumb","itemListElement":[{"@type":"ListItem","position":1,"name":"Accueil","item":"https:\/\/gabrielroche.com\/psy\/"},{"@type":"ListItem","position":2,"name":"Th\u00e9rapie de couple"}]},{"@type":"WebSite","@id":"https:\/\/gabrielroche.com\/psy\/#website","url":"https:\/\/gabrielroche.com\/psy\/","name":"Gabriel Roche Analyse Psycho-Organique Paris 13","description":"Analyste, Th\u00e9rapie Psycho-Organique, PARIS 13","publisher":{"@id":"https:\/\/gabrielroche.com\/psy\/#\/schema\/person\/a902b0a2db1d1af67e0c34ee71f6e4f7"},"potentialAction":[{"@type":"SearchAction","target":{"@type":"EntryPoint","urlTemplate":"https:\/\/gabrielroche.com\/psy\/?s={search_term_string}"},"query-input":{"@type":"PropertyValueSpecification","valueRequired":true,"valueName":"search_term_string"}}],"inLanguage":"fr-FR"},{"@type":["Person","Organization"],"@id":"https:\/\/gabrielroche.com\/psy\/#\/schema\/person\/a902b0a2db1d1af67e0c34ee71f6e4f7","name":"gabrielroche","logo":{"@id":"https:\/\/gabrielroche.com\/psy\/#\/schema\/person\/image\/"}}]}},"_links":{"self":[{"href":"https:\/\/gabrielroche.com\/psy\/index.php?rest_route=\/wp\/v2\/pages\/56","targetHints":{"allow":["GET"]}}],"collection":[{"href":"https:\/\/gabrielroche.com\/psy\/index.php?rest_route=\/wp\/v2\/pages"}],"about":[{"href":"https:\/\/gabrielroche.com\/psy\/index.php?rest_route=\/wp\/v2\/types\/page"}],"author":[{"embeddable":true,"href":"https:\/\/gabrielroche.com\/psy\/index.php?rest_route=\/wp\/v2\/users\/1"}],"replies":[{"embeddable":true,"href":"https:\/\/gabrielroche.com\/psy\/index.php?rest_route=%2Fwp%2Fv2%2Fcomments&post=56"}],"version-history":[{"count":26,"href":"https:\/\/gabrielroche.com\/psy\/index.php?rest_route=\/wp\/v2\/pages\/56\/revisions"}],"predecessor-version":[{"id":431,"href":"https:\/\/gabrielroche.com\/psy\/index.php?rest_route=\/wp\/v2\/pages\/56\/revisions\/431"}],"wp:attachment":[{"href":"https:\/\/gabrielroche.com\/psy\/index.php?rest_route=%2Fwp%2Fv2%2Fmedia&parent=56"}],"curies":[{"name":"wp","href":"https:\/\/api.w.org\/{rel}","templated":true}]}}